{"id":10658,"date":"2024-09-30T14:49:20","date_gmt":"2024-09-30T12:49:20","guid":{"rendered":"https:\/\/duba.es\/?page_id=10658"},"modified":"2025-01-09T09:06:08","modified_gmt":"2025-01-09T08:06:08","slug":"caldereria","status":"publish","type":"page","link":"https:\/\/duba.es\/es\/caldereria\/","title":{"rendered":"Calderer\u00eda"},"content":{"rendered":"\t\t<div data-elementor-type=\"wp-page\" data-elementor-id=\"10658\" class=\"elementor elementor-10658\" data-elementor-post-type=\"page\">\n\t\t\t\t<div class=\"elementor-element elementor-element-e461bc4 e-flex e-con-boxed e-con e-parent\" data-id=\"e461bc4\" data-element_type=\"container\" data-settings=\"{&quot;jet_parallax_layout_list&quot;:[],&quot;background_background&quot;:&quot;classic&quot;}\">\n\t\t\t\t\t<div class=\"e-con-inner\">\n\t\t\t\t<div class=\"elementor-element elementor-element-4610c72 elementor-widget-divider--view-line_text elementor-widget-divider--element-align-left elementor-widget elementor-widget-divider\" data-id=\"4610c72\" data-element_type=\"widget\" data-widget_type=\"divider.default\">\n\t\t\t\t<div class=\"elementor-widget-container\">\n\t\t\t\t\t\t\t<div class=\"elementor-divider\">\n\t\t\t<span class=\"elementor-divider-separator\">\n\t\t\t\t\t\t\t<h1 class=\"elementor-divider__text elementor-divider__element\">\n\t\t\t\tCALDERER\u00cdA\t\t\t\t<\/h1>\n\t\t\t\t\t\t<\/span>\n\t\t<\/div>\n\t\t\t\t\t\t<\/div>\n\t\t\t\t<\/div>\n\t\t\t\t<div class=\"elementor-element elementor-element-259b4f0 elementor-widget elementor-widget-text-editor\" data-id=\"259b4f0\" data-element_type=\"widget\" data-widget_type=\"text-editor.default\">\n\t\t\t\t<div class=\"elementor-widget-container\">\n\t\t\t\t\t\t\t\t\t<p>Los trabajos de calderer\u00eda fina requieren de la m\u00e1xima exactitud. Lo que hacemos es la deformaci\u00f3n y moldeado de la chapa de acero, inoxidable\u2026 Para nosotros garantizar la calidad del producto es imprescindible. De esta forma conseguimos una producci\u00f3n muy eficiente que influir\u00e1 directamente en la satisfacci\u00f3n de nuestros clientes en cada uno de nuestros trabajos de calderer\u00eda industrial.<\/p>\n<p>La calderer\u00eda industrial o calderer\u00eda fina, no solamente debemos tener en mente la fabricaci\u00f3n de dep\u00f3sitos sino tambi\u00e9n de tolvas, conos, cilindros\u2026.<\/p>\n\t\t\t\t\t\t\t\t<\/div>\n\t\t\t\t<\/div>\n\t\t\t\t\t<\/div>\n\t\t\t\t<\/div>\n\t\t<div class=\"elementor-element elementor-element-c4f9b63 e-flex e-con-boxed e-con e-parent\" data-id=\"c4f9b63\" data-element_type=\"container\" data-settings=\"{&quot;jet_parallax_layout_list&quot;:[]}\">\n\t\t\t\t\t<div class=\"e-con-inner\">\n\t\t<div class=\"elementor-element elementor-element-0a1c006 e-con-full e-flex e-con e-child\" data-id=\"0a1c006\" data-element_type=\"container\" data-settings=\"{&quot;jet_parallax_layout_list&quot;:[]}\">\n\t\t\t\t<div class=\"elementor-element elementor-element-5818652 elementor-widget elementor-widget-heading\" data-id=\"5818652\" data-element_type=\"widget\" data-widget_type=\"heading.default\">\n\t\t\t\t<div class=\"elementor-widget-container\">\n\t\t\t\t\t<h2 class=\"elementor-heading-title elementor-size-default\">Servicios<\/h2>\t\t\t\t<\/div>\n\t\t\t\t<\/div>\n\t\t\t\t<div class=\"elementor-element elementor-element-3b66d8d elementor-widget elementor-widget-text-editor\" data-id=\"3b66d8d\" data-element_type=\"widget\" data-widget_type=\"text-editor.default\">\n\t\t\t\t<div class=\"elementor-widget-container\">\n\t\t\t\t\t\t\t\t\t<p>El espacio que corresponde a calderer\u00eda esta dotada de maquinaria ( plegadora, cizalla, corvadura de rodillos\u2026) conformador tanto calderer\u00eda fina como basta.<\/p>\n\t\t\t\t\t\t\t\t<\/div>\n\t\t\t\t<\/div>\n\t\t\t\t<div class=\"elementor-element elementor-element-5a81a47 cuadro_texto_iconos elementor-widget elementor-widget-jet-listing-dynamic-repeater\" data-id=\"5a81a47\" data-element_type=\"widget\" data-widget_type=\"jet-listing-dynamic-repeater.default\">\n\t\t\t\t<div class=\"elementor-widget-container\">\n\t\t\t\t\t<div class=\"jet-listing jet-listing-dynamic-repeater\"><div class=\"jet-listing-dynamic-repeater__items \"><div class=\"jet-listing-dynamic-repeater__item\"><span>Calderer\u00eda de hierro.<\/span><\/div><div class=\"jet-listing-dynamic-repeater__item\"><span>Galvanizado.<\/span><\/div><div class=\"jet-listing-dynamic-repeater__item\"><span>Acero inoxidable.<\/span><\/div><div class=\"jet-listing-dynamic-repeater__item\"><span>Antidesgaste.<\/span><\/div><\/div><\/div>\t\t\t\t<\/div>\n\t\t\t\t<\/div>\n\t\t\t\t<\/div>\n\t\t<div class=\"elementor-element elementor-element-db3b557 e-con-full e-flex e-con e-child\" data-id=\"db3b557\" data-element_type=\"container\" data-settings=\"{&quot;jet_parallax_layout_list&quot;:[]}\">\n\t\t<div class=\"elementor-element elementor-element-1c6c513 e-con-full e-flex e-con e-child\" data-id=\"1c6c513\" data-element_type=\"container\" data-settings=\"{&quot;jet_parallax_layout_list&quot;:[]}\">\n\t\t\t\t<div class=\"elementor-element elementor-element-81edac8 elementor-widget elementor-widget-gallery\" data-id=\"81edac8\" data-element_type=\"widget\" data-settings=\"{&quot;columns&quot;:2,&quot;columns_tablet&quot;:4,&quot;columns_mobile&quot;:2,&quot;lazyload&quot;:&quot;yes&quot;,&quot;gallery_layout&quot;:&quot;grid&quot;,&quot;gap&quot;:{&quot;unit&quot;:&quot;px&quot;,&quot;size&quot;:10,&quot;sizes&quot;:[]},&quot;gap_laptop&quot;:{&quot;unit&quot;:&quot;px&quot;,&quot;size&quot;:10,&quot;sizes&quot;:[]},&quot;gap_tablet&quot;:{&quot;unit&quot;:&quot;px&quot;,&quot;size&quot;:10,&quot;sizes&quot;:[]},&quot;gap_mobile&quot;:{&quot;unit&quot;:&quot;px&quot;,&quot;size&quot;:10,&quot;sizes&quot;:[]},&quot;link_to&quot;:&quot;file&quot;,&quot;aspect_ratio&quot;:&quot;3:2&quot;,&quot;overlay_background&quot;:&quot;yes&quot;,&quot;content_hover_animation&quot;:&quot;fade-in&quot;}\" data-widget_type=\"gallery.default\">\n\t\t\t\t<div class=\"elementor-widget-container\">\n\t\t\t\t\t\t\t<div class=\"elementor-gallery__container\">\n\t\t\t\t\t\t\t<a class=\"e-gallery-item elementor-gallery-item elementor-animated-content\" href=\"https:\/\/duba.es\/wp-content\/uploads\/DUBA-CALDERERIA-2.jpg\" data-elementor-open-lightbox=\"yes\" data-elementor-lightbox-slideshow=\"81edac8\" data-elementor-lightbox-title=\"DUBA - CALDERERIA\" data-e-action-hash=\"#elementor-action%3Aaction%3Dlightbox%26settings%3DeyJpZCI6OTI2MSwidXJsIjoiaHR0cHM6XC9cL2R1YmEuZXNcL3dwLWNvbnRlbnRcL3VwbG9hZHNcL0RVQkEtQ0FMREVSRVJJQS0yLmpwZyIsInNsaWRlc2hvdyI6IjgxZWRhYzgifQ%3D%3D\">\n\t\t\t\t\t<div class=\"e-gallery-image elementor-gallery-item__image\" data-thumbnail=\"https:\/\/duba.es\/wp-content\/uploads\/DUBA-CALDERERIA-2-768x576.jpg\" data-width=\"768\" data-height=\"576\" aria-label=\"\" role=\"img\" ><\/div>\n\t\t\t\t\t\t\t\t\t\t\t<div class=\"elementor-gallery-item__overlay\"><\/div>\n\t\t\t\t\t\t\t\t\t\t\t\t\t\t<\/a>\n\t\t\t\t\t\t\t<a class=\"e-gallery-item elementor-gallery-item elementor-animated-content\" href=\"https:\/\/duba.es\/wp-content\/uploads\/DUBA-CALDERERIA-3.jpg\" data-elementor-open-lightbox=\"yes\" data-elementor-lightbox-slideshow=\"81edac8\" data-elementor-lightbox-title=\"DUBA - CALDERERIA\" data-e-action-hash=\"#elementor-action%3Aaction%3Dlightbox%26settings%3DeyJpZCI6OTI2MiwidXJsIjoiaHR0cHM6XC9cL2R1YmEuZXNcL3dwLWNvbnRlbnRcL3VwbG9hZHNcL0RVQkEtQ0FMREVSRVJJQS0zLmpwZyIsInNsaWRlc2hvdyI6IjgxZWRhYzgifQ%3D%3D\">\n\t\t\t\t\t<div class=\"e-gallery-image elementor-gallery-item__image\" data-thumbnail=\"https:\/\/duba.es\/wp-content\/uploads\/DUBA-CALDERERIA-3-768x512.jpg\" data-width=\"768\" data-height=\"512\" aria-label=\"\" role=\"img\" ><\/div>\n\t\t\t\t\t\t\t\t\t\t\t<div class=\"elementor-gallery-item__overlay\"><\/div>\n\t\t\t\t\t\t\t\t\t\t\t\t\t\t<\/a>\n\t\t\t\t\t\t\t<a class=\"e-gallery-item elementor-gallery-item elementor-animated-content\" href=\"https:\/\/duba.es\/wp-content\/uploads\/DUBA-CALDERERIA-4.jpg\" data-elementor-open-lightbox=\"yes\" data-elementor-lightbox-slideshow=\"81edac8\" data-elementor-lightbox-title=\"DUBA - CALDERERIA\" data-e-action-hash=\"#elementor-action%3Aaction%3Dlightbox%26settings%3DeyJpZCI6OTI2MywidXJsIjoiaHR0cHM6XC9cL2R1YmEuZXNcL3dwLWNvbnRlbnRcL3VwbG9hZHNcL0RVQkEtQ0FMREVSRVJJQS00LmpwZyIsInNsaWRlc2hvdyI6IjgxZWRhYzgifQ%3D%3D\">\n\t\t\t\t\t<div class=\"e-gallery-image elementor-gallery-item__image\" data-thumbnail=\"https:\/\/duba.es\/wp-content\/uploads\/DUBA-CALDERERIA-4-768x512.jpg\" data-width=\"768\" data-height=\"512\" aria-label=\"\" role=\"img\" ><\/div>\n\t\t\t\t\t\t\t\t\t\t\t<div class=\"elementor-gallery-item__overlay\"><\/div>\n\t\t\t\t\t\t\t\t\t\t\t\t\t\t<\/a>\n\t\t\t\t\t\t\t<a class=\"e-gallery-item elementor-gallery-item elementor-animated-content\" href=\"https:\/\/duba.es\/wp-content\/uploads\/DUBA-CALDERERIA.jpg\" data-elementor-open-lightbox=\"yes\" data-elementor-lightbox-slideshow=\"81edac8\" data-elementor-lightbox-title=\"DUBA - CALDERERIA\" data-e-action-hash=\"#elementor-action%3Aaction%3Dlightbox%26settings%3DeyJpZCI6OTI2NCwidXJsIjoiaHR0cHM6XC9cL2R1YmEuZXNcL3dwLWNvbnRlbnRcL3VwbG9hZHNcL0RVQkEtQ0FMREVSRVJJQS5qcGciLCJzbGlkZXNob3ciOiI4MWVkYWM4In0%3D\">\n\t\t\t\t\t<div class=\"e-gallery-image elementor-gallery-item__image\" data-thumbnail=\"https:\/\/duba.es\/wp-content\/uploads\/DUBA-CALDERERIA-768x577.jpg\" data-width=\"768\" data-height=\"577\" aria-label=\"\" role=\"img\" ><\/div>\n\t\t\t\t\t\t\t\t\t\t\t<div class=\"elementor-gallery-item__overlay\"><\/div>\n\t\t\t\t\t\t\t\t\t\t\t\t\t\t<\/a>\n\t\t\t\t\t<\/div>\n\t\t\t\t\t<\/div>\n\t\t\t\t<\/div>\n\t\t\t\t<\/div>\n\t\t\t\t<\/div>\n\t\t<div class=\"elementor-element elementor-element-ede3f8e e-con-full e-flex e-con e-child\" data-id=\"ede3f8e\" data-element_type=\"container\" data-settings=\"{&quot;jet_parallax_layout_list&quot;:[],&quot;background_background&quot;:&quot;classic&quot;}\">\n\t\t\t\t<div class=\"elementor-element elementor-element-995fc9e elementor-widget elementor-widget-heading\" data-id=\"995fc9e\" data-element_type=\"widget\" data-widget_type=\"heading.default\">\n\t\t\t\t<div class=\"elementor-widget-container\">\n\t\t\t\t\t<h3 class=\"elementor-heading-title elementor-size-default\">Podemos ayudarte en el mantenimiento o construcci\u00f3n de los elementos de calderer\u00eda industrial que necesites<\/h3>\t\t\t\t<\/div>\n\t\t\t\t<\/div>\n\t\t\t\t<div class=\"elementor-element elementor-element-134f4ec elementor-align-center elementor-widget elementor-widget-button\" data-id=\"134f4ec\" data-element_type=\"widget\" data-widget_type=\"button.default\">\n\t\t\t\t<div class=\"elementor-widget-container\">\n\t\t\t\t\t\t\t\t\t<div class=\"elementor-button-wrapper\">\n\t\t\t\t\t<a class=\"elementor-button elementor-button-link elementor-size-sm\" href=\"#industria-contacto-cald\">\n\t\t\t\t\t\t<span class=\"elementor-button-content-wrapper\">\n\t\t\t\t\t\t<span class=\"elementor-button-icon\">\n\t\t\t\t<i aria-hidden=\"true\" class=\"fas fa-angle-right\"><\/i>\t\t\t<\/span>\n\t\t\t\t\t\t\t\t\t<span class=\"elementor-button-text\">Contactar<\/span>\n\t\t\t\t\t<\/span>\n\t\t\t\t\t<\/a>\n\t\t\t\t<\/div>\n\t\t\t\t\t\t\t\t<\/div>\n\t\t\t\t<\/div>\n\t\t\t\t<\/div>\n\t\t\t\t\t<\/div>\n\t\t\t\t<\/div>\n\t\t<div class=\"elementor-element elementor-element-3c8e81e e-con-full e-flex e-con e-parent\" data-id=\"3c8e81e\" data-element_type=\"container\" id=\"industria-contacto-cald\" data-settings=\"{&quot;jet_parallax_layout_list&quot;:[],&quot;background_background&quot;:&quot;gradient&quot;}\">\n\t\t<div class=\"elementor-element elementor-element-1822fdd e-flex e-con-boxed e-con e-child\" data-id=\"1822fdd\" data-element_type=\"container\" data-settings=\"{&quot;background_background&quot;:&quot;classic&quot;,&quot;jet_parallax_layout_list&quot;:[]}\">\n\t\t\t\t\t<div class=\"e-con-inner\">\n\t\t<div class=\"elementor-element elementor-element-4c00e6d e-con-full e-flex e-con e-child\" data-id=\"4c00e6d\" data-element_type=\"container\" data-settings=\"{&quot;jet_parallax_layout_list&quot;:[],&quot;background_background&quot;:&quot;classic&quot;}\">\n\t\t\t\t<div class=\"elementor-element elementor-element-1c24f49 elementor-widget elementor-widget-heading\" data-id=\"1c24f49\" data-element_type=\"widget\" data-widget_type=\"heading.default\">\n\t\t\t\t<div class=\"elementor-widget-container\">\n\t\t\t\t\t<h2 class=\"elementor-heading-title elementor-size-default\">Solicitar mas informaci\u00f3n<\/h2>\t\t\t\t<\/div>\n\t\t\t\t<\/div>\n\t\t\t\t<div class=\"elementor-element elementor-element-29a1fcf elementor-widget elementor-widget-text-editor\" data-id=\"29a1fcf\" data-element_type=\"widget\" data-widget_type=\"text-editor.default\">\n\t\t\t\t<div class=\"elementor-widget-container\">\n\t\t\t\t\t\t\t\t\t<p>Estamos comprometidos a proporcionar a nuestros clientes un servicio de alta calidad y resultados tangibles.<\/p>\n<p>Si necesita m\u00e1s informaci\u00f3n sobre alguno de nuestros servicios, no dude en contactar con nosotros y le responderemos en la mayor brevedad posible.<\/p>\n\t\t\t\t\t\t\t\t<\/div>\n\t\t\t\t<\/div>\n\t\t<div class=\"elementor-element elementor-element-4a2644f e-con-full e-flex e-con e-child\" data-id=\"4a2644f\" data-element_type=\"container\" data-settings=\"{&quot;jet_parallax_layout_list&quot;:[],&quot;background_background&quot;:&quot;classic&quot;}\">\n\t\t<div class=\"elementor-element elementor-element-1b0d66f e-con-full e-flex e-con e-child\" data-id=\"1b0d66f\" data-element_type=\"container\" data-settings=\"{&quot;jet_parallax_layout_list&quot;:[]}\">\n\t\t\t\t<div class=\"elementor-element elementor-element-6e46787 elementor-position-left elementor-mobile-position-left elementor-view-framed elementor-shape-square elementor-widget elementor-widget-icon-box\" data-id=\"6e46787\" data-element_type=\"widget\" data-widget_type=\"icon-box.default\">\n\t\t\t\t<div class=\"elementor-widget-container\">\n\t\t\t\t\t\t\t<div class=\"elementor-icon-box-wrapper\">\n\n\t\t\t\t\t\t<div class=\"elementor-icon-box-icon\">\n\t\t\t\t<a href=\"tel:+34938%20672%20800\" class=\"elementor-icon\" tabindex=\"-1\" aria-label=\"938 672 800\">\n\t\t\t\t<i aria-hidden=\"true\" class=\"fas fa-phone-alt\"><\/i>\t\t\t\t<\/a>\n\t\t\t<\/div>\n\t\t\t\n\t\t\t\t\t\t<div class=\"elementor-icon-box-content\">\n\n\t\t\t\t\t\t\t\t\t<div class=\"elementor-icon-box-title\">\n\t\t\t\t\t\t<a href=\"tel:+34938%20672%20800\" >\n\t\t\t\t\t\t\t938 672 800\t\t\t\t\t\t<\/a>\n\t\t\t\t\t<\/div>\n\t\t\t\t\n\t\t\t\t\n\t\t\t<\/div>\n\t\t\t\n\t\t<\/div>\n\t\t\t\t\t\t<\/div>\n\t\t\t\t<\/div>\n\t\t\t\t<\/div>\n\t\t<div class=\"elementor-element elementor-element-343a7a8 e-con-full e-flex e-con e-child\" data-id=\"343a7a8\" data-element_type=\"container\" data-settings=\"{&quot;jet_parallax_layout_list&quot;:[]}\">\n\t\t\t\t<div class=\"elementor-element elementor-element-d9967f0 elementor-position-left elementor-mobile-position-left elementor-view-framed elementor-shape-square elementor-widget elementor-widget-icon-box\" data-id=\"d9967f0\" data-element_type=\"widget\" data-widget_type=\"icon-box.default\">\n\t\t\t\t<div class=\"elementor-widget-container\">\n\t\t\t\t\t\t\t<div class=\"elementor-icon-box-wrapper\">\n\n\t\t\t\t\t\t<div class=\"elementor-icon-box-icon\">\n\t\t\t\t<a href=\"https:\/\/wa.me\/34692616985\" target=\"_blank\" class=\"elementor-icon\" tabindex=\"-1\" aria-label=\"WhatsApp\">\n\t\t\t\t<i aria-hidden=\"true\" class=\"fab fa-whatsapp\"><\/i>\t\t\t\t<\/a>\n\t\t\t<\/div>\n\t\t\t\n\t\t\t\t\t\t<div class=\"elementor-icon-box-content\">\n\n\t\t\t\t\t\t\t\t\t<div class=\"elementor-icon-box-title\">\n\t\t\t\t\t\t<a href=\"https:\/\/wa.me\/34692616985\" target=\"_blank\" >\n\t\t\t\t\t\t\tWhatsApp\t\t\t\t\t\t<\/a>\n\t\t\t\t\t<\/div>\n\t\t\t\t\n\t\t\t\t\n\t\t\t<\/div>\n\t\t\t\n\t\t<\/div>\n\t\t\t\t\t\t<\/div>\n\t\t\t\t<\/div>\n\t\t\t\t<\/div>\n\t\t\t\t<\/div>\n\t\t\t\t<\/div>\n\t\t<div class=\"elementor-element elementor-element-3fcfeba e-con-full form-link-politica-negro e-flex e-con e-child\" data-id=\"3fcfeba\" data-element_type=\"container\" data-settings=\"{&quot;background_background&quot;:&quot;classic&quot;,&quot;jet_parallax_layout_list&quot;:[]}\">\n\t\t\t\t<div class=\"elementor-element elementor-element-9ac572f form7-2colum elementor-widget elementor-widget-contact-form-7\" data-id=\"9ac572f\" data-element_type=\"widget\" data-widget_type=\"contact-form-7.default\">\n\t\t\t\t<div class=\"elementor-widget-container\">\n\t\t\t\t\t<div class=\"elementor-contact-form-7 jet-elements\">\n<div class=\"wpcf7 no-js\" id=\"wpcf7-f10-o1\" lang=\"es-ES\" dir=\"ltr\" data-wpcf7-id=\"10\">\n<div class=\"screen-reader-response\"><p role=\"status\" aria-live=\"polite\" aria-atomic=\"true\"><\/p> <ul><\/ul><\/div>\n<form action=\"\/es\/wp-json\/wp\/v2\/pages\/10658#wpcf7-f10-o1\" method=\"post\" class=\"wpcf7-form init\" aria-label=\"Formulario de contacto\" novalidate=\"novalidate\" data-status=\"init\">\n<fieldset class=\"hidden-fields-container\"><input type=\"hidden\" name=\"_wpcf7\" value=\"10\" \/><input type=\"hidden\" name=\"_wpcf7_version\" value=\"6.1.5\" \/><input type=\"hidden\" name=\"_wpcf7_locale\" value=\"es_ES\" \/><input type=\"hidden\" name=\"_wpcf7_unit_tag\" value=\"wpcf7-f10-o1\" \/><input type=\"hidden\" name=\"_wpcf7_container_post\" value=\"0\" \/><input type=\"hidden\" name=\"_wpcf7_posted_data_hash\" value=\"\" \/><input type=\"hidden\" name=\"_wpcf7_recaptcha_response\" value=\"\" \/>\n<\/fieldset>\n<div class=\"wpcf7-response-output\" aria-hidden=\"true\"><\/div>\n<div class=\"col-izq\">\n\t<p><label for=\"your-name\">Nombre*<\/label>\n\t<\/p>\n\t<p><span class=\"wpcf7-form-control-wrap\" data-name=\"your-name\"><input size=\"40\" maxlength=\"400\" class=\"wpcf7-form-control wpcf7-text wpcf7-validates-as-required\" id=\"your-name\" aria-required=\"true\" aria-invalid=\"false\" value=\"\" type=\"text\" name=\"your-name\" \/><\/span>\n\t<\/p>\n<\/div>\n<div class=\"col-dere\">\n\t<p><label for=\"your-email\">Correo electr\u00f3nico*<\/label>\n\t<\/p>\n\t<p><span class=\"wpcf7-form-control-wrap\" data-name=\"your-email\"><input size=\"40\" maxlength=\"400\" class=\"wpcf7-form-control wpcf7-email wpcf7-validates-as-required wpcf7-text wpcf7-validates-as-email\" id=\"your-email\" aria-required=\"true\" aria-invalid=\"false\" value=\"\" type=\"email\" name=\"your-email\" \/><\/span>\n\t<\/p>\n<\/div>\n<div class=\"col-izq\">\n\t<p><label for=\"num-tel\">Tel\u00e9fono*<\/label>\n\t<\/p>\n\t<p><span class=\"wpcf7-form-control-wrap\" data-name=\"num-tel\"><input size=\"40\" maxlength=\"400\" class=\"wpcf7-form-control wpcf7-text wpcf7-validates-as-required\" id=\"num-tel\" aria-required=\"true\" aria-invalid=\"false\" value=\"\" type=\"text\" name=\"num-tel\" \/><\/span>\n\t<\/p>\n<\/div>\n<div class=\"col-dere\">\n\t<p><label for=\"your-subject\">Asunto<\/label>\n\t<\/p>\n\t<p><span class=\"wpcf7-form-control-wrap\" data-name=\"your-subject\"><input size=\"40\" maxlength=\"400\" class=\"wpcf7-form-control wpcf7-text\" id=\"your-subject\" aria-invalid=\"false\" value=\"\" type=\"text\" name=\"your-subject\" \/><\/span>\n\t<\/p>\n<\/div>\n<div class=\"col-entera\">\n\t<p><label for=\"your-message\">Mensaje<\/label>\n\t<\/p>\n\t<p><span class=\"wpcf7-form-control-wrap\" data-name=\"your-message\"><textarea cols=\"40\" rows=\"10\" maxlength=\"2000\" class=\"wpcf7-form-control wpcf7-textarea\" id=\"your-message\" aria-invalid=\"false\" name=\"your-message\"><\/textarea><\/span>\n\t<\/p>\n<\/div>\n<div class=\"aceptar_politica\">\n\t<p><span class=\"wpcf7-form-control-wrap\" data-name=\"acceptance-758\"><span class=\"wpcf7-form-control wpcf7-acceptance\"><span class=\"wpcf7-list-item\"><label><input type=\"checkbox\" name=\"acceptance-758\" value=\"1\" aria-invalid=\"false\" \/><span class=\"wpcf7-list-item-label\">He le\u00eddo y acepto vuestra Pol\u00edtica de Privacidad.<\/span><\/label><\/span><\/span><\/span><br \/>\n<a href=\"..\/politica-de-privacidad\/\" target=\"_blank\" rel=\"noopener\">Leer Pol\u00edtica de privacidad<\/a>\n\t<\/p>\n<\/div>\n<div class=\"et_contact_bottom_container\">\n\t<div class=\"contenedor-recaptcha\">\n\t<span class=\"wpcf7-form-control-wrap recaptcha\" data-name=\"recaptcha\"><span data-sitekey=\"6Ld-g8UqAAAAALWKVuuWgcCePOKlfOBCHtSqs41D\" class=\"wpcf7-form-control wpcf7-recaptcha g-recaptcha\"><\/span>\r\n<noscript>\r\n\t<div class=\"grecaptcha-noscript\">\r\n\t\t<iframe src=\"https:\/\/www.google.com\/recaptcha\/api\/fallback?k=6Ld-g8UqAAAAALWKVuuWgcCePOKlfOBCHtSqs41D\" frameborder=\"0\" scrolling=\"no\" width=\"310\" height=\"430\">\r\n\t\t<\/iframe>\r\n\t\t<textarea name=\"g-recaptcha-response\" rows=\"3\" cols=\"40\" placeholder=\"Aqu\u00ed la respuesta de reCAPTCHA\">\r\n\t\t<\/textarea>\r\n\t<\/div>\r\n<\/noscript>\r\n<\/span>\n\t<\/div>\n\t<p><input class=\"wpcf7-form-control wpcf7-submit has-spinner\" type=\"submit\" value=\"Enviar formulario\" \/>\n\t<\/p>\n<\/div>\n<\/form>\n<\/div>\n<\/div>\t\t\t\t<\/div>\n\t\t\t\t<\/div>\n\t\t\t\t<\/div>\n\t\t\t\t\t<\/div>\n\t\t\t\t<\/div>\n\t\t\t\t<\/div>\n\t\t\t\t<\/div>\n\t\t","protected":false},"excerpt":{"rendered":"<p>Calderer\u00eda de hierro.Galvanizado.Acero inoxidable.Antidesgaste. Contactar WhatsApp He le\u00eddo y acepto vuestra Pol\u00edtica de Privacidad.<\/p>\n","protected":false},"author":1,"featured_media":0,"parent":0,"menu_order":0,"comment_status":"closed","ping_status":"closed","template":"","meta":{"inline_featured_image":false,"footnotes":""},"class_list":["post-10658","page","type-page","status-publish","hentry"],"yoast_head":"<!-- This site is optimized with the Yoast SEO Premium plugin v25.1 (Yoast SEO v27.0) - https:\/\/yoast.com\/product\/yoast-seo-premium-wordpress\/ -->\n<title>Calderer\u00eda - DUBA<\/title>\n<meta name=\"robots\" content=\"index, follow, max-snippet:-1, max-image-preview:large, max-video-preview:-1\" \/>\n<link rel=\"canonical\" href=\"https:\/\/duba.es\/es\/caldereria\/\" \/>\n<meta property=\"og:locale\" content=\"es_ES\" \/>\n<meta property=\"og:type\" content=\"article\" \/>\n<meta property=\"og:title\" content=\"Calderer\u00eda\" \/>\n<meta property=\"og:url\" content=\"https:\/\/duba.es\/es\/caldereria\/\" \/>\n<meta property=\"og:site_name\" content=\"DUBA\" \/>\n<meta property=\"article:modified_time\" content=\"2025-01-09T08:06:08+00:00\" \/>\n<meta name=\"twitter:card\" content=\"summary_large_image\" \/>\n<meta name=\"twitter:label1\" content=\"Tiempo de lectura\" \/>\n\t<meta name=\"twitter:data1\" content=\"1 minuto\" \/>\n<script type=\"application\/ld+json\" class=\"yoast-schema-graph\">{\"@context\":\"https:\/\/schema.org\",\"@graph\":[{\"@type\":\"WebPage\",\"@id\":\"https:\/\/duba.es\/es\/caldereria\/\",\"url\":\"https:\/\/duba.es\/es\/caldereria\/\",\"name\":\"Calderer\u00eda - DUBA\",\"isPartOf\":{\"@id\":\"https:\/\/duba.es\/es\/#website\"},\"datePublished\":\"2024-09-30T12:49:20+00:00\",\"dateModified\":\"2025-01-09T08:06:08+00:00\",\"breadcrumb\":{\"@id\":\"https:\/\/duba.es\/es\/caldereria\/#breadcrumb\"},\"inLanguage\":\"es\",\"potentialAction\":[{\"@type\":\"ReadAction\",\"target\":[\"https:\/\/duba.es\/es\/caldereria\/\"]}]},{\"@type\":\"BreadcrumbList\",\"@id\":\"https:\/\/duba.es\/es\/caldereria\/#breadcrumb\",\"itemListElement\":[{\"@type\":\"ListItem\",\"position\":1,\"name\":\"Portada\",\"item\":\"https:\/\/duba.es\/es\/\"},{\"@type\":\"ListItem\",\"position\":2,\"name\":\"Calderer\u00eda\"}]},{\"@type\":\"WebSite\",\"@id\":\"https:\/\/duba.es\/es\/#website\",\"url\":\"https:\/\/duba.es\/es\/\",\"name\":\"DUBA\",\"description\":\"Especialistas en dise\u00f1o y decoraci\u00f3n, fabricaci\u00f3n, montaje y mantenimiento industrial\",\"publisher\":{\"@id\":\"https:\/\/duba.es\/es\/#organization\"},\"potentialAction\":[{\"@type\":\"SearchAction\",\"target\":{\"@type\":\"EntryPoint\",\"urlTemplate\":\"https:\/\/duba.es\/es\/?s={search_term_string}\"},\"query-input\":{\"@type\":\"PropertyValueSpecification\",\"valueRequired\":true,\"valueName\":\"search_term_string\"}}],\"inLanguage\":\"es\"},{\"@type\":\"Organization\",\"@id\":\"https:\/\/duba.es\/es\/#organization\",\"name\":\"Tallers DUBA SL\",\"url\":\"https:\/\/duba.es\/es\/\",\"logo\":{\"@type\":\"ImageObject\",\"inLanguage\":\"es\",\"@id\":\"https:\/\/duba.es\/es\/#\/schema\/logo\/image\/\",\"url\":\"https:\/\/duba.es\/wp-content\/uploads\/Duba-Logo-2024-WEB.png\",\"contentUrl\":\"https:\/\/duba.es\/wp-content\/uploads\/Duba-Logo-2024-WEB.png\",\"width\":568,\"height\":177,\"caption\":\"Tallers DUBA SL\"},\"image\":{\"@id\":\"https:\/\/duba.es\/es\/#\/schema\/logo\/image\/\"}}]}<\/script>\n<!-- \/ Yoast SEO Premium plugin. -->","yoast_head_json":{"title":"Calderer\u00eda - DUBA","robots":{"index":"index","follow":"follow","max-snippet":"max-snippet:-1","max-image-preview":"max-image-preview:large","max-video-preview":"max-video-preview:-1"},"canonical":"https:\/\/duba.es\/es\/caldereria\/","og_locale":"es_ES","og_type":"article","og_title":"Calderer\u00eda","og_url":"https:\/\/duba.es\/es\/caldereria\/","og_site_name":"DUBA","article_modified_time":"2025-01-09T08:06:08+00:00","twitter_card":"summary_large_image","twitter_misc":{"Tiempo de lectura":"1 minuto"},"schema":{"@context":"https:\/\/schema.org","@graph":[{"@type":"WebPage","@id":"https:\/\/duba.es\/es\/caldereria\/","url":"https:\/\/duba.es\/es\/caldereria\/","name":"Calderer\u00eda - DUBA","isPartOf":{"@id":"https:\/\/duba.es\/es\/#website"},"datePublished":"2024-09-30T12:49:20+00:00","dateModified":"2025-01-09T08:06:08+00:00","breadcrumb":{"@id":"https:\/\/duba.es\/es\/caldereria\/#breadcrumb"},"inLanguage":"es","potentialAction":[{"@type":"ReadAction","target":["https:\/\/duba.es\/es\/caldereria\/"]}]},{"@type":"BreadcrumbList","@id":"https:\/\/duba.es\/es\/caldereria\/#breadcrumb","itemListElement":[{"@type":"ListItem","position":1,"name":"Portada","item":"https:\/\/duba.es\/es\/"},{"@type":"ListItem","position":2,"name":"Calderer\u00eda"}]},{"@type":"WebSite","@id":"https:\/\/duba.es\/es\/#website","url":"https:\/\/duba.es\/es\/","name":"DUBA","description":"Especialistas en dise\u00f1o y decoraci\u00f3n, fabricaci\u00f3n, montaje y mantenimiento industrial","publisher":{"@id":"https:\/\/duba.es\/es\/#organization"},"potentialAction":[{"@type":"SearchAction","target":{"@type":"EntryPoint","urlTemplate":"https:\/\/duba.es\/es\/?s={search_term_string}"},"query-input":{"@type":"PropertyValueSpecification","valueRequired":true,"valueName":"search_term_string"}}],"inLanguage":"es"},{"@type":"Organization","@id":"https:\/\/duba.es\/es\/#organization","name":"Tallers DUBA SL","url":"https:\/\/duba.es\/es\/","logo":{"@type":"ImageObject","inLanguage":"es","@id":"https:\/\/duba.es\/es\/#\/schema\/logo\/image\/","url":"https:\/\/duba.es\/wp-content\/uploads\/Duba-Logo-2024-WEB.png","contentUrl":"https:\/\/duba.es\/wp-content\/uploads\/Duba-Logo-2024-WEB.png","width":568,"height":177,"caption":"Tallers DUBA SL"},"image":{"@id":"https:\/\/duba.es\/es\/#\/schema\/logo\/image\/"}}]}},"_links":{"self":[{"href":"https:\/\/duba.es\/es\/wp-json\/wp\/v2\/pages\/10658","targetHints":{"allow":["GET"]}}],"collection":[{"href":"https:\/\/duba.es\/es\/wp-json\/wp\/v2\/pages"}],"about":[{"href":"https:\/\/duba.es\/es\/wp-json\/wp\/v2\/types\/page"}],"author":[{"embeddable":true,"href":"https:\/\/duba.es\/es\/wp-json\/wp\/v2\/users\/1"}],"replies":[{"embeddable":true,"href":"https:\/\/duba.es\/es\/wp-json\/wp\/v2\/comments?post=10658"}],"version-history":[{"count":0,"href":"https:\/\/duba.es\/es\/wp-json\/wp\/v2\/pages\/10658\/revisions"}],"wp:attachment":[{"href":"https:\/\/duba.es\/es\/wp-json\/wp\/v2\/media?parent=10658"}],"curies":[{"name":"wp","href":"https:\/\/api.w.org\/{rel}","templated":true}]}}