{"id":11588,"date":"2025-01-27T16:20:14","date_gmt":"2025-01-27T15:20:14","guid":{"rendered":"https:\/\/duba.es\/?page_id=11588"},"modified":"2025-01-27T16:28:56","modified_gmt":"2025-01-27T15:28:56","slug":"particular","status":"publish","type":"page","link":"https:\/\/duba.es\/es\/particular\/","title":{"rendered":"Particular"},"content":{"rendered":"\t\t<div data-elementor-type=\"wp-page\" data-elementor-id=\"11588\" class=\"elementor elementor-11588\" data-elementor-post-type=\"page\">\n\t\t\t\t<div class=\"elementor-element elementor-element-6851f90 e-flex e-con-boxed e-con e-parent\" data-id=\"6851f90\" data-element_type=\"container\" data-settings=\"{&quot;background_background&quot;:&quot;classic&quot;,&quot;jet_parallax_layout_list&quot;:[]}\">\n\t\t\t\t\t<div class=\"e-con-inner\">\n\t\t\t\t<div class=\"elementor-element elementor-element-1957b5f elementor-widget elementor-widget-heading\" data-id=\"1957b5f\" data-element_type=\"widget\" data-widget_type=\"heading.default\">\n\t\t\t\t<div class=\"elementor-widget-container\">\n\t\t\t\t\t<h1 class=\"elementor-heading-title elementor-size-default\">Particular<\/h1>\t\t\t\t<\/div>\n\t\t\t\t<\/div>\n\t\t\t\t<div class=\"elementor-element elementor-element-845587e elementor-widget elementor-widget-heading\" data-id=\"845587e\" data-element_type=\"widget\" data-widget_type=\"heading.default\">\n\t\t\t\t<div class=\"elementor-widget-container\">\n\t\t\t\t\t<h2 class=\"elementor-heading-title elementor-size-default\">\u00bfEstas construyendo o reformando una casa y no le dar\u00e1s la importancia que afecta a la est\u00e9tica de tu casa?<\/h2>\t\t\t\t<\/div>\n\t\t\t\t<\/div>\n\t\t\t\t<div class=\"elementor-element elementor-element-7ac851c elementor-widget elementor-widget-heading\" data-id=\"7ac851c\" data-element_type=\"widget\" data-widget_type=\"heading.default\">\n\t\t\t\t<div class=\"elementor-widget-container\">\n\t\t\t\t\t<h2 class=\"elementor-heading-title elementor-size-default\">Nos especializamos en la fabricaci\u00f3n propia y dise\u00f1o de soluciones de acero a medida<\/h2>\t\t\t\t<\/div>\n\t\t\t\t<\/div>\n\t\t\t\t\t<\/div>\n\t\t\t\t<\/div>\n\t\t<div class=\"elementor-element elementor-element-de39646 iconos-linea e-flex e-con-boxed e-con e-parent\" data-id=\"de39646\" data-element_type=\"container\" data-settings=\"{&quot;jet_parallax_layout_list&quot;:[]}\">\n\t\t\t\t\t<div class=\"e-con-inner\">\n\t\t<div class=\"elementor-element elementor-element-98731e5 e-con-full e-flex e-con e-child\" data-id=\"98731e5\" data-element_type=\"container\" data-settings=\"{&quot;jet_parallax_layout_list&quot;:[]}\">\n\t\t\t\t<div class=\"elementor-element elementor-element-8eeae79 elementor-widget elementor-widget-heading\" data-id=\"8eeae79\" data-element_type=\"widget\" data-widget_type=\"heading.default\">\n\t\t\t\t<div class=\"elementor-widget-container\">\n\t\t\t\t\t<div class=\"elementor-heading-title elementor-size-default\">Fabricaci\u00f3n propia y a medida<\/div>\t\t\t\t<\/div>\n\t\t\t\t<\/div>\n\t\t\t\t<div class=\"elementor-element elementor-element-25a7f06 elementor-widget elementor-widget-text-editor\" data-id=\"25a7f06\" data-element_type=\"widget\" data-widget_type=\"text-editor.default\">\n\t\t\t\t<div class=\"elementor-widget-container\">\n\t\t\t\t\t\t\t\t\tCada pieza es creada con precisi\u00f3n y atenci\u00f3n al detalle, garantizando calidad y funcionalidad. Nuestro compromiso es combinar est\u00e9tica y practicidad para superar las expectativas de cada cliente. \t\t\t\t\t\t\t\t<\/div>\n\t\t\t\t<\/div>\n\t\t\t\t<div class=\"elementor-element elementor-element-ad1f560 elementor-align-center elementor-widget elementor-widget-button\" data-id=\"ad1f560\" data-element_type=\"widget\" data-widget_type=\"button.default\">\n\t\t\t\t<div class=\"elementor-widget-container\">\n\t\t\t\t\t\t\t\t\t<div class=\"elementor-button-wrapper\">\n\t\t\t\t\t<a class=\"elementor-button elementor-button-link elementor-size-sm\" href=\"tel:+34938%20672%20800\">\n\t\t\t\t\t\t<span class=\"elementor-button-content-wrapper\">\n\t\t\t\t\t\t<span class=\"elementor-button-icon\">\n\t\t\t\t<i aria-hidden=\"true\" class=\"fas fa-angle-right\"><\/i>\t\t\t<\/span>\n\t\t\t\t\t\t\t\t\t<span class=\"elementor-button-text\">Ll\u00e1manos<\/span>\n\t\t\t\t\t<\/span>\n\t\t\t\t\t<\/a>\n\t\t\t\t<\/div>\n\t\t\t\t\t\t\t\t<\/div>\n\t\t\t\t<\/div>\n\t\t\t\t<\/div>\n\t\t\t\t\t<\/div>\n\t\t\t\t<\/div>\n\t\t<div class=\"elementor-element elementor-element-e92b186 e-con-full e-flex e-con e-parent\" data-id=\"e92b186\" data-element_type=\"container\" data-settings=\"{&quot;jet_parallax_layout_list&quot;:[]}\">\n\t\t\t\t<div class=\"elementor-element elementor-element-a0d4d45 elementor-cta--skin-cover elementor-cta--valign-middle elementor-widget__width-initial elementor-widget-mobile__width-initial elementor-animated-content elementor-bg-transform elementor-bg-transform-zoom-in elementor-widget elementor-widget-call-to-action\" data-id=\"a0d4d45\" data-element_type=\"widget\" data-widget_type=\"call-to-action.default\">\n\t\t\t\t<div class=\"elementor-widget-container\">\n\t\t\t\t\t\t\t<a class=\"elementor-cta\" href=\"\/barandas-y-cerramientos-perimetrales\/\">\n\t\t\t\t\t<div class=\"elementor-cta__bg-wrapper\">\n\t\t\t\t<div class=\"elementor-cta__bg elementor-bg\" style=\"background-image: url(https:\/\/duba.es\/wp-content\/uploads\/DUBA-Servicios-Particulares-Barandillas-768x514.jpg);\" role=\"img\" aria-label=\"DUBA - Servicios Particulares - Barandillas\"><\/div>\n\t\t\t\t<div class=\"elementor-cta__bg-overlay\"><\/div>\n\t\t\t<\/div>\n\t\t\t\t\t\t\t<div class=\"elementor-cta__content\">\n\t\t\t\t\n\t\t\t\t\t\t\t\t\t<div class=\"elementor-cta__title elementor-cta__content-item elementor-content-item elementor-animated-item--grow\">\n\t\t\t\t\t\tBarandas\t\t\t\t\t<\/div>\n\t\t\t\t\n\t\t\t\t\n\t\t\t\t\t\t\t\t\t<div class=\"elementor-cta__button-wrapper elementor-cta__content-item elementor-content-item elementor-animated-item--grow\">\n\t\t\t\t\t<span class=\"elementor-cta__button elementor-button elementor-size-\">\n\t\t\t\t\t\tM\u00e1s Info\t\t\t\t\t<\/span>\n\t\t\t\t\t<\/div>\n\t\t\t\t\t\t\t<\/div>\n\t\t\t\t\t\t<\/a>\n\t\t\t\t\t\t<\/div>\n\t\t\t\t<\/div>\n\t\t\t\t<div class=\"elementor-element elementor-element-c3cb2f1 elementor-cta--skin-cover elementor-cta--valign-middle elementor-widget__width-initial elementor-widget-mobile__width-initial elementor-animated-content elementor-bg-transform elementor-bg-transform-zoom-in elementor-widget elementor-widget-call-to-action\" data-id=\"c3cb2f1\" data-element_type=\"widget\" data-widget_type=\"call-to-action.default\">\n\t\t\t\t<div class=\"elementor-widget-container\">\n\t\t\t\t\t\t\t<a class=\"elementor-cta\" href=\"\/puertas\/\">\n\t\t\t\t\t<div class=\"elementor-cta__bg-wrapper\">\n\t\t\t\t<div class=\"elementor-cta__bg elementor-bg\" style=\"background-image: url(https:\/\/duba.es\/wp-content\/uploads\/DUBA-Servicios-Particulares-Puertas-768x514.jpg);\" role=\"img\" aria-label=\"DUBA - Servicios Particulares - Puertas\"><\/div>\n\t\t\t\t<div class=\"elementor-cta__bg-overlay\"><\/div>\n\t\t\t<\/div>\n\t\t\t\t\t\t\t<div class=\"elementor-cta__content\">\n\t\t\t\t\n\t\t\t\t\t\t\t\t\t<div class=\"elementor-cta__title elementor-cta__content-item elementor-content-item elementor-animated-item--grow\">\n\t\t\t\t\t\tPuertas\t\t\t\t\t<\/div>\n\t\t\t\t\n\t\t\t\t\n\t\t\t\t\t\t\t\t\t<div class=\"elementor-cta__button-wrapper elementor-cta__content-item elementor-content-item elementor-animated-item--grow\">\n\t\t\t\t\t<span class=\"elementor-cta__button elementor-button elementor-size-\">\n\t\t\t\t\t\tM\u00e1s Info\t\t\t\t\t<\/span>\n\t\t\t\t\t<\/div>\n\t\t\t\t\t\t\t<\/div>\n\t\t\t\t\t\t<\/a>\n\t\t\t\t\t\t<\/div>\n\t\t\t\t<\/div>\n\t\t\t\t<div class=\"elementor-element elementor-element-86d97fc elementor-cta--skin-cover elementor-cta--valign-middle elementor-widget__width-initial elementor-widget-mobile__width-initial elementor-animated-content elementor-bg-transform elementor-bg-transform-zoom-in elementor-widget elementor-widget-call-to-action\" data-id=\"86d97fc\" data-element_type=\"widget\" data-widget_type=\"call-to-action.default\">\n\t\t\t\t<div class=\"elementor-widget-container\">\n\t\t\t\t\t\t\t<a class=\"elementor-cta\" href=\"\/automatismos\/\">\n\t\t\t\t\t<div class=\"elementor-cta__bg-wrapper\">\n\t\t\t\t<div class=\"elementor-cta__bg elementor-bg\" style=\"background-image: url(https:\/\/duba.es\/wp-content\/uploads\/DUBA-Servicios-Particulares-Automatismos-768x514.jpg);\" role=\"img\" aria-label=\"DUBA - Servicios Particulares - Automatismos\"><\/div>\n\t\t\t\t<div class=\"elementor-cta__bg-overlay\"><\/div>\n\t\t\t<\/div>\n\t\t\t\t\t\t\t<div class=\"elementor-cta__content\">\n\t\t\t\t\n\t\t\t\t\t\t\t\t\t<div class=\"elementor-cta__title elementor-cta__content-item elementor-content-item elementor-animated-item--grow\">\n\t\t\t\t\t\tAutomatismos\t\t\t\t\t<\/div>\n\t\t\t\t\n\t\t\t\t\n\t\t\t\t\t\t\t\t\t<div class=\"elementor-cta__button-wrapper elementor-cta__content-item elementor-content-item elementor-animated-item--grow\">\n\t\t\t\t\t<span class=\"elementor-cta__button elementor-button elementor-size-\">\n\t\t\t\t\t\tM\u00e1s Info\t\t\t\t\t<\/span>\n\t\t\t\t\t<\/div>\n\t\t\t\t\t\t\t<\/div>\n\t\t\t\t\t\t<\/a>\n\t\t\t\t\t\t<\/div>\n\t\t\t\t<\/div>\n\t\t\t\t<div class=\"elementor-element elementor-element-0f0b729 elementor-cta--skin-cover elementor-cta--valign-middle elementor-widget__width-initial elementor-widget-mobile__width-initial elementor-animated-content elementor-bg-transform elementor-bg-transform-zoom-in elementor-widget elementor-widget-call-to-action\" data-id=\"0f0b729\" data-element_type=\"widget\" data-widget_type=\"call-to-action.default\">\n\t\t\t\t<div class=\"elementor-widget-container\">\n\t\t\t\t\t\t\t<a class=\"elementor-cta\" href=\"\/escaleras\/\">\n\t\t\t\t\t<div class=\"elementor-cta__bg-wrapper\">\n\t\t\t\t<div class=\"elementor-cta__bg elementor-bg\" style=\"background-image: url(https:\/\/duba.es\/wp-content\/uploads\/DUBA-Servicios-Particulares-Escaleras-768x514.jpg);\" role=\"img\" aria-label=\"DUBA - Servicios Particulares - Escaleras\"><\/div>\n\t\t\t\t<div class=\"elementor-cta__bg-overlay\"><\/div>\n\t\t\t<\/div>\n\t\t\t\t\t\t\t<div class=\"elementor-cta__content\">\n\t\t\t\t\n\t\t\t\t\t\t\t\t\t<div class=\"elementor-cta__title elementor-cta__content-item elementor-content-item elementor-animated-item--grow\">\n\t\t\t\t\t\tEscaleras\t\t\t\t\t<\/div>\n\t\t\t\t\n\t\t\t\t\n\t\t\t\t\t\t\t\t\t<div class=\"elementor-cta__button-wrapper elementor-cta__content-item elementor-content-item elementor-animated-item--grow\">\n\t\t\t\t\t<span class=\"elementor-cta__button elementor-button elementor-size-\">\n\t\t\t\t\t\tM\u00e1s Info\t\t\t\t\t<\/span>\n\t\t\t\t\t<\/div>\n\t\t\t\t\t\t\t<\/div>\n\t\t\t\t\t\t<\/a>\n\t\t\t\t\t\t<\/div>\n\t\t\t\t<\/div>\n\t\t\t\t<div class=\"elementor-element elementor-element-3a1aff6 elementor-cta--skin-cover elementor-cta--valign-middle elementor-widget__width-initial elementor-widget-mobile__width-initial elementor-animated-content elementor-bg-transform elementor-bg-transform-zoom-in elementor-widget elementor-widget-call-to-action\" data-id=\"3a1aff6\" data-element_type=\"widget\" data-widget_type=\"call-to-action.default\">\n\t\t\t\t<div class=\"elementor-widget-container\">\n\t\t\t\t\t\t\t<a class=\"elementor-cta\" href=\"\/mobiliario\/\">\n\t\t\t\t\t<div class=\"elementor-cta__bg-wrapper\">\n\t\t\t\t<div class=\"elementor-cta__bg elementor-bg\" style=\"background-image: url(https:\/\/duba.es\/wp-content\/uploads\/DUBA-Servicios-Particulares-Mobiliario-768x514.jpg);\" role=\"img\" aria-label=\"DUBA - Servicios Particulares - Mobiliario\"><\/div>\n\t\t\t\t<div class=\"elementor-cta__bg-overlay\"><\/div>\n\t\t\t<\/div>\n\t\t\t\t\t\t\t<div class=\"elementor-cta__content\">\n\t\t\t\t\n\t\t\t\t\t\t\t\t\t<div class=\"elementor-cta__title elementor-cta__content-item elementor-content-item elementor-animated-item--grow\">\n\t\t\t\t\t\tMobiliario\t\t\t\t\t<\/div>\n\t\t\t\t\n\t\t\t\t\n\t\t\t\t\t\t\t\t\t<div class=\"elementor-cta__button-wrapper elementor-cta__content-item elementor-content-item elementor-animated-item--grow\">\n\t\t\t\t\t<span class=\"elementor-cta__button elementor-button elementor-size-\">\n\t\t\t\t\t\tM\u00e1s Info\t\t\t\t\t<\/span>\n\t\t\t\t\t<\/div>\n\t\t\t\t\t\t\t<\/div>\n\t\t\t\t\t\t<\/a>\n\t\t\t\t\t\t<\/div>\n\t\t\t\t<\/div>\n\t\t\t\t<\/div>\n\t\t\t\t<\/div>\n\t\t","protected":false},"excerpt":{"rendered":"<p>Ll\u00e1manos M\u00e1s Info M\u00e1s Info M\u00e1s Info M\u00e1s Info M\u00e1s Info<\/p>\n","protected":false},"author":1,"featured_media":0,"parent":0,"menu_order":0,"comment_status":"closed","ping_status":"closed","template":"","meta":{"inline_featured_image":false,"footnotes":""},"class_list":["post-11588","page","type-page","status-publish","hentry"],"yoast_head":"<!-- This site is optimized with the Yoast SEO Premium plugin v25.1 (Yoast SEO v27.0) - https:\/\/yoast.com\/product\/yoast-seo-premium-wordpress\/ -->\n<title>Particular - DUBA<\/title>\n<meta name=\"robots\" content=\"index, follow, max-snippet:-1, max-image-preview:large, max-video-preview:-1\" \/>\n<link rel=\"canonical\" href=\"https:\/\/duba.es\/es\/particular\/\" \/>\n<meta property=\"og:locale\" content=\"es_ES\" \/>\n<meta property=\"og:type\" content=\"article\" \/>\n<meta property=\"og:title\" content=\"Particular\" \/>\n<meta property=\"og:url\" content=\"https:\/\/duba.es\/es\/particular\/\" \/>\n<meta property=\"og:site_name\" content=\"DUBA\" \/>\n<meta property=\"article:modified_time\" content=\"2025-01-27T15:28:56+00:00\" \/>\n<meta name=\"twitter:card\" content=\"summary_large_image\" \/>\n<meta name=\"twitter:label1\" content=\"Tiempo de lectura\" \/>\n\t<meta name=\"twitter:data1\" content=\"1 minuto\" \/>\n<script type=\"application\/ld+json\" class=\"yoast-schema-graph\">{\"@context\":\"https:\/\/schema.org\",\"@graph\":[{\"@type\":\"WebPage\",\"@id\":\"https:\/\/duba.es\/es\/particular\/\",\"url\":\"https:\/\/duba.es\/es\/particular\/\",\"name\":\"Particular - DUBA\",\"isPartOf\":{\"@id\":\"https:\/\/duba.es\/es\/#website\"},\"datePublished\":\"2025-01-27T15:20:14+00:00\",\"dateModified\":\"2025-01-27T15:28:56+00:00\",\"breadcrumb\":{\"@id\":\"https:\/\/duba.es\/es\/particular\/#breadcrumb\"},\"inLanguage\":\"es\",\"potentialAction\":[{\"@type\":\"ReadAction\",\"target\":[\"https:\/\/duba.es\/es\/particular\/\"]}]},{\"@type\":\"BreadcrumbList\",\"@id\":\"https:\/\/duba.es\/es\/particular\/#breadcrumb\",\"itemListElement\":[{\"@type\":\"ListItem\",\"position\":1,\"name\":\"Portada\",\"item\":\"https:\/\/duba.es\/es\/\"},{\"@type\":\"ListItem\",\"position\":2,\"name\":\"Particular\"}]},{\"@type\":\"WebSite\",\"@id\":\"https:\/\/duba.es\/es\/#website\",\"url\":\"https:\/\/duba.es\/es\/\",\"name\":\"DUBA\",\"description\":\"Especialistas en dise\u00f1o y decoraci\u00f3n, fabricaci\u00f3n, montaje y mantenimiento industrial\",\"publisher\":{\"@id\":\"https:\/\/duba.es\/es\/#organization\"},\"potentialAction\":[{\"@type\":\"SearchAction\",\"target\":{\"@type\":\"EntryPoint\",\"urlTemplate\":\"https:\/\/duba.es\/es\/?s={search_term_string}\"},\"query-input\":{\"@type\":\"PropertyValueSpecification\",\"valueRequired\":true,\"valueName\":\"search_term_string\"}}],\"inLanguage\":\"es\"},{\"@type\":\"Organization\",\"@id\":\"https:\/\/duba.es\/es\/#organization\",\"name\":\"Tallers DUBA SL\",\"url\":\"https:\/\/duba.es\/es\/\",\"logo\":{\"@type\":\"ImageObject\",\"inLanguage\":\"es\",\"@id\":\"https:\/\/duba.es\/es\/#\/schema\/logo\/image\/\",\"url\":\"https:\/\/duba.es\/wp-content\/uploads\/Duba-Logo-2024-WEB.png\",\"contentUrl\":\"https:\/\/duba.es\/wp-content\/uploads\/Duba-Logo-2024-WEB.png\",\"width\":568,\"height\":177,\"caption\":\"Tallers DUBA SL\"},\"image\":{\"@id\":\"https:\/\/duba.es\/es\/#\/schema\/logo\/image\/\"}}]}<\/script>\n<!-- \/ Yoast SEO Premium plugin. -->","yoast_head_json":{"title":"Particular - DUBA","robots":{"index":"index","follow":"follow","max-snippet":"max-snippet:-1","max-image-preview":"max-image-preview:large","max-video-preview":"max-video-preview:-1"},"canonical":"https:\/\/duba.es\/es\/particular\/","og_locale":"es_ES","og_type":"article","og_title":"Particular","og_url":"https:\/\/duba.es\/es\/particular\/","og_site_name":"DUBA","article_modified_time":"2025-01-27T15:28:56+00:00","twitter_card":"summary_large_image","twitter_misc":{"Tiempo de lectura":"1 minuto"},"schema":{"@context":"https:\/\/schema.org","@graph":[{"@type":"WebPage","@id":"https:\/\/duba.es\/es\/particular\/","url":"https:\/\/duba.es\/es\/particular\/","name":"Particular - DUBA","isPartOf":{"@id":"https:\/\/duba.es\/es\/#website"},"datePublished":"2025-01-27T15:20:14+00:00","dateModified":"2025-01-27T15:28:56+00:00","breadcrumb":{"@id":"https:\/\/duba.es\/es\/particular\/#breadcrumb"},"inLanguage":"es","potentialAction":[{"@type":"ReadAction","target":["https:\/\/duba.es\/es\/particular\/"]}]},{"@type":"BreadcrumbList","@id":"https:\/\/duba.es\/es\/particular\/#breadcrumb","itemListElement":[{"@type":"ListItem","position":1,"name":"Portada","item":"https:\/\/duba.es\/es\/"},{"@type":"ListItem","position":2,"name":"Particular"}]},{"@type":"WebSite","@id":"https:\/\/duba.es\/es\/#website","url":"https:\/\/duba.es\/es\/","name":"DUBA","description":"Especialistas en dise\u00f1o y decoraci\u00f3n, fabricaci\u00f3n, montaje y mantenimiento industrial","publisher":{"@id":"https:\/\/duba.es\/es\/#organization"},"potentialAction":[{"@type":"SearchAction","target":{"@type":"EntryPoint","urlTemplate":"https:\/\/duba.es\/es\/?s={search_term_string}"},"query-input":{"@type":"PropertyValueSpecification","valueRequired":true,"valueName":"search_term_string"}}],"inLanguage":"es"},{"@type":"Organization","@id":"https:\/\/duba.es\/es\/#organization","name":"Tallers DUBA SL","url":"https:\/\/duba.es\/es\/","logo":{"@type":"ImageObject","inLanguage":"es","@id":"https:\/\/duba.es\/es\/#\/schema\/logo\/image\/","url":"https:\/\/duba.es\/wp-content\/uploads\/Duba-Logo-2024-WEB.png","contentUrl":"https:\/\/duba.es\/wp-content\/uploads\/Duba-Logo-2024-WEB.png","width":568,"height":177,"caption":"Tallers DUBA SL"},"image":{"@id":"https:\/\/duba.es\/es\/#\/schema\/logo\/image\/"}}]}},"_links":{"self":[{"href":"https:\/\/duba.es\/es\/wp-json\/wp\/v2\/pages\/11588","targetHints":{"allow":["GET"]}}],"collection":[{"href":"https:\/\/duba.es\/es\/wp-json\/wp\/v2\/pages"}],"about":[{"href":"https:\/\/duba.es\/es\/wp-json\/wp\/v2\/types\/page"}],"author":[{"embeddable":true,"href":"https:\/\/duba.es\/es\/wp-json\/wp\/v2\/users\/1"}],"replies":[{"embeddable":true,"href":"https:\/\/duba.es\/es\/wp-json\/wp\/v2\/comments?post=11588"}],"version-history":[{"count":0,"href":"https:\/\/duba.es\/es\/wp-json\/wp\/v2\/pages\/11588\/revisions"}],"wp:attachment":[{"href":"https:\/\/duba.es\/es\/wp-json\/wp\/v2\/media?parent=11588"}],"curies":[{"name":"wp","href":"https:\/\/api.w.org\/{rel}","templated":true}]}}