{"id":13,"date":"2021-11-24T19:16:06","date_gmt":"2021-11-24T18:16:06","guid":{"rendered":"https:\/\/duba.es\/?page_id=13"},"modified":"2025-01-27T13:06:27","modified_gmt":"2025-01-27T12:06:27","slug":"aviso-legal","status":"publish","type":"page","link":"https:\/\/duba.es\/es\/aviso-legal\/","title":{"rendered":"Aviso Legal"},"content":{"rendered":"\t\t<div data-elementor-type=\"wp-page\" data-elementor-id=\"13\" class=\"elementor elementor-13\" data-elementor-post-type=\"page\">\n\t\t\t\t<div class=\"elementor-element elementor-element-1158323 e-flex e-con-boxed e-con e-parent\" data-id=\"1158323\" data-element_type=\"container\" data-settings=\"{&quot;jet_parallax_layout_list&quot;:[]}\">\n\t\t\t\t\t<div class=\"e-con-inner\">\n\t\t\t\t<div class=\"elementor-element elementor-element-94d0e87 aviso_legal elementor-widget elementor-widget-text-editor\" data-id=\"94d0e87\" data-element_type=\"widget\" data-widget_type=\"text-editor.default\">\n\t\t\t\t<div class=\"elementor-widget-container\">\n\t\t\t\t\t\t\t\t\t<p>Este sitio web es propiedad, y est\u00e1 bajo responsabilidad de:<\/p>\n<ul>\n<li><strong> Nombre Fiscal:<\/strong> Tallers DUBA, S.L<\/li>\n<li><strong>Nombre Comercial:<\/strong> DUBA<\/li>\n<li><strong> CIF\/NIF:<\/strong> B61460143<\/li>\n<li><strong> Registro Mercantil:<\/strong> Barcelona<\/li>\n<li><strong> Datos Registrales:<\/strong> Registro x Tomo x Folio x Hoja x<\/li>\n<li><strong> Domicilio Fiscal:<\/strong> C\/Roques Blanques n\u00ba 8 Pol.Ind. Mol\u00ed de les Planes 08470 Sant Celoni<\/li>\n<li><strong> Tel\u00e9fono:<\/strong> 938 672 800<\/li>\n<li><strong> Email:<\/strong> <a href=\"mailto:info@duba.es\" target=\"_blank\" rel=\"noopener\">info@duba.es<\/a><\/li>\n<li><strong> Direcci\u00f3n web:<\/strong> <a href=\"https:\/\/www.duba.es\" target=\"_blank\" rel=\"noopener\">https:\/\/www.duba.es<\/a><\/li>\n<\/ul>\n<p>&nbsp;<\/p>\n<p>Aunque en adelante nos llamaremos DUBA o simplemente \u201cnosotros\u201d, y a usted, que es el usuario de esta web le llamaremos \u201cusuario\u201d, \u201custed\u201d o simplemente \u201ct\u00fa\u201d.<\/p>\n<p>El hecho de acceder a esta web implica el conocimiento y la aceptaci\u00f3n sin reservas de los siguientes t\u00e9rminos y condiciones. A continuaci\u00f3n, le exponemos:<\/p>\n<h2>T\u00e9rminos y Condiciones de Uso<\/h2>\n<p>Con car\u00e1cter general, con independencia del pa\u00eds desde el que se conecta el usuario, las relaciones entre<br \/>\nDUBA y nuestros usuarios se encuentran sometidas a la legislaci\u00f3n y jurisdicci\u00f3n espa\u00f1olas.<\/p>\n<p>Los contenidos, actividades comerciales, productos y servicios incluidos en nuestra web no est\u00e1n concebidos, ni dirigidos a aquellas personas que residan en jurisdicciones donde sus contenidos no se encuentren autorizados.<\/p>\n<p>El acceso a nuestra web es responsabilidad exclusiva de los usuarios y no supone entablar ning\u00fan tipo de relaci\u00f3n de car\u00e1cter comercial entre DUBA y el usuario.<\/p>\n<p>El acceso y navegaci\u00f3n en esta web supone aceptar y conocer las advertencias legales, t\u00e9rminos de uso y pol\u00edtica de privacidad contenidas en \u00e9l.<\/p>\n<p>DUBA hace saber a sus usuarios que los contenidos de este sitio web se dirigen principalmente a un p\u00fablico mayor de 14 a\u00f1os. Si a\u00fan no tienes esta edad, debes contar con la autorizaci\u00f3n de tus padres o tutores para seguir navegando por nuestra web.<\/p>\n<h3>Actualidad y Modificaci\u00f3n de la informaci\u00f3n<\/h3>\n<p>Esta informaci\u00f3n legal respecto al uso de nuestra web es la vigente en la fecha de su \u00faltima actualizaci\u00f3n (28 DE MAYO DE 2024). Nos reservamos el derecho a actualizar, modificar o eliminar la informaci\u00f3n de este web, pudiendo limitar o no permitir el acceso a cualquier usuario.<\/p>\n<p>El usuario no podr\u00e1 alterar, cambiar, modificar, o adaptar cualquier extremo de esta web. Sin embargo, nos reservamos la facultad de efectuar, en cualquier momento, cuantos cambios y modificaciones estimemos convenientes, pudiendo hacer uso de tal facultad en cualquier momento y sin previo aviso.<\/p>\n<p>Asimismo, nos reservamos el derecho de actualizar las condiciones generales en cualquier momento. Tales cambios y modificaciones no afectar\u00e1n a los contratos ya perfeccionados entre DUBA y sus usuarios o clientes, sin perjuicio de las modificaciones que puedan ser pactadas de mutuo acuerdo y de los supuestos de caso fortuito o fuerza mayor.<\/p>\n<h3>Contenidos<\/h3>\n<p>En DUBA realizamos los m\u00e1ximos esfuerzos para evitar cualquier error en los contenidos que pudieran aparecer en nuestra web. No obstante, no garantizamos ni nos responsabilizamos de las consecuencias que pudieran derivarse de los errores en los contenidos que pudieran aparecer en esta web, proporcionados por terceros.<\/p>\n<p>DUBA no se responsabiliza en modo alguno de aquellos contenidos, actividades comerciales, productos y servicios incluidos que pudiesen visualizarse mediante enlaces electr\u00f3nicos (links), directa o indirectamente, a trav\u00e9s de esta web. La presencia de links en nuestra web, salvo manifestaci\u00f3n expresa en contrario, tiene una finalidad meramente informativa y en ning\u00fan caso supone sugerencia, invitaci\u00f3n o recomendaci\u00f3n sobre los mismos. Estos enlaces no representan, necesariamente, la existencia de alg\u00fan tipo de relaci\u00f3n entre DUBA y los particulares o empresas titulares de las webs a las que puede accederse mediante estos enlaces. DUBA se reserva el derecho de retirar de modo unilateral y en cualquier momento los links que aparecen en nuestra web.<\/p>\n<p>DUBA no asume responsabilidad por el contenido de cualquier foro o debate en el ciberespacio (chat), boletines o cualquier tipo de transmisiones, que est\u00e9n vinculados a este website y cooperar\u00e1, si es requerida por orden judicial o por las autoridades pertinentes, en la identificaci\u00f3n de las personas responsables de aquellos contenidos que violen la ley.<\/p>\n<p>Excluimos toda responsabilidad que pudiera derivarse de la transmisi\u00f3n de informaci\u00f3n entre usuarios. La responsabilidad de las manifestaciones difundidas en este website es exclusiva de quienes las realizan.<\/p>\n<p>Queda prohibida cualquier tipo de transmisi\u00f3n de datos que los usuarios puedan realizar a \u00e9ste o mediante esta web u otros accesos controlados por DUBA, que infrinjan los derechos de propiedad de terceros, y cuyo contenido sea amenazante, difamatorio, obsceno, pornogr\u00e1fico, o la transmisi\u00f3n de cualquier otro material que constituya o incite una conducta que pueda ser considerada una ofensa penal.<\/p>\n<p>DUBA se reserva el derecho a impedir o prohibir el acceso a cualquier usuario de Internet que introduzca en nuestra web cualquier contenido contrario a las normas legales o inmoral, reserv\u00e1ndose el derecho de ejercer las medidas legales que estime oportunas para evitar este tipo de conductas.<\/p>\n<p>DUBA excluye la responsabilidad por el acceso de menores de edad a los contenidos incluidos en la Web, siendo responsabilidad de sus progenitores o tutores ejercer un control adecuado sobre la actividad de los hijos o menores a su cargo o bien instalar alguna de las herramientas de control del uso de Internet con el objeto de evitar el acceso a materiales o contenidos no aptos para menores, as\u00ed como el env\u00edo de datos personales sin la previa autorizaci\u00f3n de sus progenitores o tutores.<\/p>\n<h3>Navegaci\u00f3n, acceso y seguridad<\/h3>\n<p>El acceso y navegaci\u00f3n en esta web supone aceptar y conocer las advertencias legales, condiciones y t\u00e9rminos de uso contenidas en \u00e9l. En DUBA realizamos los m\u00e1ximos esfuerzos para que la navegaci\u00f3n se realice en las mejores condiciones y evitar los perjuicios de cualquier tipo que pudiesen ocasionarse durante la misma.<\/p>\n<p>Esta web ha sido dise\u00f1ada para soportar los navegadores m\u00e1s utilizados entre los usuarios de Internet (Mozilla Firefox, Internet Explorer, Microsoft Edge, Google Chrome, Safari, Opera). Aun as\u00ed, no nos hacemos responsables de los perjuicios, de cualquier \u00edndole, que pudieran ocasionarse a los usuarios por la utilizaci\u00f3n de otros navegadores o versiones distintas de los navegadores para los que ha sido dise\u00f1ada la web.<\/p>\n<p>DUBA no se responsabiliza ni garantiza que el acceso a esta web sea ininterrumpido o que est\u00e9 libre de error, siempre que tales incidencias o errores procedan de fuentes ajenas a nosotros. Tampoco se responsabiliza o garantiza que el software al que pueda accederse a trav\u00e9s de este website est\u00e9 libre de errores procedentes de terceros. Del mismo modo, en ning\u00fan caso DUBA se responsabiliza por las p\u00e9rdidas, da\u00f1os o perjuicios de cualquier tipo que surjan por el acceso y el uso de la p\u00e1gina web, siempre que procedan de fuentes ajenas a nosotros. Tampoco nos hacemos responsables de los da\u00f1os que pudieran originarse por el uso inadecuado de esta web.<\/p>\n<p>Los servicios ofertados en esta web s\u00f3lo pueden ser utilizados correctamente si se cumplen las especificaciones t\u00e9cnicas para las que ha sido dise\u00f1ada.<\/p>\n<h3>Propiedad Intelectual e Industrial<\/h3>\n<p>Esta web, los contenidos y servicios que alberga y, en especial, con car\u00e1cter enunciativo, pero no limitativo, las fotograf\u00edas, im\u00e1genes, textos, logos, dise\u00f1os, marcas, nombres comerciales y datos que se incluyen en la web, se encuentran protegidos por las leyes de Propiedad Intelectual. No podr\u00e1n ser objeto de explotaci\u00f3n, reproducci\u00f3n, distribuci\u00f3n, modificaci\u00f3n, comunicaci\u00f3n p\u00fablica, cesi\u00f3n o transformaci\u00f3n. El acceso a esta web no otorga a los usuarios derecho, ni titularidad alguna sobre los derechos de propiedad<br \/>\nintelectual de los contenidos que alberga.<\/p>\n<p>El contenido de esta web puede ser descargado al terminal del usuario (download), siempre que sea para su uso privado y sin ning\u00fan fin comercial; por lo tanto, no podr\u00e1 explotar, reproducir, distribuir, modificar, comunicar p\u00fablicamente, ceder, transformar o usar el contenido de esta web con fines p\u00fablicos o comerciales.<\/p>\n<p>DUBA no transfiere a los usuarios la propiedad de su software. Retenemos todos los derechos de propiedad industrial e intelectual incluyendo el software. Si el usuario transfiere software de esta web a su terminal, no podr\u00e1 diseccionarlo para su estudio, o descompilarlo, traducir la versi\u00f3n del c\u00f3digo objeto original o su lenguaje a otro c\u00f3digo o lenguaje.<\/p>\n<p>Tan s\u00f3lo se autoriza la utilizaci\u00f3n de los contenidos de esta web con fines informativos y de servicio, siempre que se cite o se haga referencia a la fuente, siendo el usuario el \u00fanico responsable del mal uso de los mismos.<\/p>\n<p>DUBA se reserva la posibilidad de ejercer las acciones judiciales que correspondan contra los usuarios que violen o infrinjan los derechos de propiedad intelectual e industrial.<\/p>\n<h3>Informaci\u00f3n sobre aspectos t\u00e9cnicos<\/h3>\n<p>DUBA no ser\u00e1 responsable de posibles da\u00f1os o perjuicios que se pudieran derivar de interferencias, omisiones, interrupciones, virus inform\u00e1ticos, aver\u00edas telef\u00f3nicas o desconexiones en el funcionamiento operativo de este sistema electr\u00f3nico, motivadas por causas ajenas a nosotros; de retrasos o bloqueos en el uso del presente sistema electr\u00f3nico causados por deficiencias o sobrecargas en nuestro Centro de Proceso de Datos, de l\u00edneas telef\u00f3nicas, en el sistema de Internet o en otros sistemas electr\u00f3nicos; tampoco de da\u00f1os que puedan ser causados por terceras personas mediante intromisiones ileg\u00edtimas fuera del nuestro control. Asimismo, se exonera a DUBA de toda responsabilidad ante cualquier da\u00f1o o perjuicio que pudiera sufrir el usuario como consecuencia de errores, defectos y omisiones, en la informaci\u00f3n facilitada siempre que proceda de fuentes ajenas.<\/p>\n\t\t\t\t\t\t\t\t<\/div>\n\t\t\t\t<\/div>\n\t\t\t\t\t<\/div>\n\t\t\t\t<\/div>\n\t\t\t\t<\/div>\n\t\t","protected":false},"excerpt":{"rendered":"","protected":false},"author":1,"featured_media":0,"parent":0,"menu_order":0,"comment_status":"closed","ping_status":"closed","template":"elementor_header_footer","meta":{"inline_featured_image":false,"footnotes":""},"class_list":["post-13","page","type-page","status-publish","hentry"],"yoast_head":"<!-- This site is optimized with the Yoast SEO Premium plugin v25.1 (Yoast SEO v27.0) - https:\/\/yoast.com\/product\/yoast-seo-premium-wordpress\/ -->\n<title>Aviso Legal - DUBA<\/title>\n<meta name=\"robots\" content=\"noindex, nofollow\" \/>\n<meta property=\"og:locale\" content=\"es_ES\" \/>\n<meta property=\"og:type\" content=\"article\" \/>\n<meta property=\"og:title\" content=\"Aviso Legal\" \/>\n<meta property=\"og:url\" content=\"https:\/\/duba.es\/es\/aviso-legal\/\" \/>\n<meta property=\"og:site_name\" content=\"DUBA\" \/>\n<meta property=\"article:modified_time\" content=\"2025-01-27T12:06:27+00:00\" \/>\n<meta name=\"twitter:card\" content=\"summary_large_image\" \/>\n<meta name=\"twitter:label1\" content=\"Tiempo de lectura\" \/>\n\t<meta name=\"twitter:data1\" content=\"7 minutos\" \/>\n<script type=\"application\/ld+json\" class=\"yoast-schema-graph\">{\"@context\":\"https:\/\/schema.org\",\"@graph\":[{\"@type\":\"WebPage\",\"@id\":\"https:\/\/duba.es\/es\/aviso-legal\/\",\"url\":\"https:\/\/duba.es\/es\/aviso-legal\/\",\"name\":\"Aviso Legal - DUBA\",\"isPartOf\":{\"@id\":\"https:\/\/duba.es\/es\/#website\"},\"datePublished\":\"2021-11-24T18:16:06+00:00\",\"dateModified\":\"2025-01-27T12:06:27+00:00\",\"breadcrumb\":{\"@id\":\"https:\/\/duba.es\/es\/aviso-legal\/#breadcrumb\"},\"inLanguage\":\"es\",\"potentialAction\":[{\"@type\":\"ReadAction\",\"target\":[\"https:\/\/duba.es\/es\/aviso-legal\/\"]}]},{\"@type\":\"BreadcrumbList\",\"@id\":\"https:\/\/duba.es\/es\/aviso-legal\/#breadcrumb\",\"itemListElement\":[{\"@type\":\"ListItem\",\"position\":1,\"name\":\"Portada\",\"item\":\"https:\/\/duba.es\/es\/\"},{\"@type\":\"ListItem\",\"position\":2,\"name\":\"Aviso Legal\"}]},{\"@type\":\"WebSite\",\"@id\":\"https:\/\/duba.es\/es\/#website\",\"url\":\"https:\/\/duba.es\/es\/\",\"name\":\"DUBA\",\"description\":\"Especialistas en dise\u00f1o y decoraci\u00f3n, fabricaci\u00f3n, montaje y mantenimiento industrial\",\"publisher\":{\"@id\":\"https:\/\/duba.es\/es\/#organization\"},\"potentialAction\":[{\"@type\":\"SearchAction\",\"target\":{\"@type\":\"EntryPoint\",\"urlTemplate\":\"https:\/\/duba.es\/es\/?s={search_term_string}\"},\"query-input\":{\"@type\":\"PropertyValueSpecification\",\"valueRequired\":true,\"valueName\":\"search_term_string\"}}],\"inLanguage\":\"es\"},{\"@type\":\"Organization\",\"@id\":\"https:\/\/duba.es\/es\/#organization\",\"name\":\"Tallers DUBA SL\",\"url\":\"https:\/\/duba.es\/es\/\",\"logo\":{\"@type\":\"ImageObject\",\"inLanguage\":\"es\",\"@id\":\"https:\/\/duba.es\/es\/#\/schema\/logo\/image\/\",\"url\":\"https:\/\/duba.es\/wp-content\/uploads\/Duba-Logo-2024-WEB.png\",\"contentUrl\":\"https:\/\/duba.es\/wp-content\/uploads\/Duba-Logo-2024-WEB.png\",\"width\":568,\"height\":177,\"caption\":\"Tallers DUBA SL\"},\"image\":{\"@id\":\"https:\/\/duba.es\/es\/#\/schema\/logo\/image\/\"}}]}<\/script>\n<!-- \/ Yoast SEO Premium plugin. -->","yoast_head_json":{"title":"Aviso Legal - DUBA","robots":{"index":"noindex","follow":"nofollow"},"og_locale":"es_ES","og_type":"article","og_title":"Aviso Legal","og_url":"https:\/\/duba.es\/es\/aviso-legal\/","og_site_name":"DUBA","article_modified_time":"2025-01-27T12:06:27+00:00","twitter_card":"summary_large_image","twitter_misc":{"Tiempo de lectura":"7 minutos"},"schema":{"@context":"https:\/\/schema.org","@graph":[{"@type":"WebPage","@id":"https:\/\/duba.es\/es\/aviso-legal\/","url":"https:\/\/duba.es\/es\/aviso-legal\/","name":"Aviso Legal - DUBA","isPartOf":{"@id":"https:\/\/duba.es\/es\/#website"},"datePublished":"2021-11-24T18:16:06+00:00","dateModified":"2025-01-27T12:06:27+00:00","breadcrumb":{"@id":"https:\/\/duba.es\/es\/aviso-legal\/#breadcrumb"},"inLanguage":"es","potentialAction":[{"@type":"ReadAction","target":["https:\/\/duba.es\/es\/aviso-legal\/"]}]},{"@type":"BreadcrumbList","@id":"https:\/\/duba.es\/es\/aviso-legal\/#breadcrumb","itemListElement":[{"@type":"ListItem","position":1,"name":"Portada","item":"https:\/\/duba.es\/es\/"},{"@type":"ListItem","position":2,"name":"Aviso Legal"}]},{"@type":"WebSite","@id":"https:\/\/duba.es\/es\/#website","url":"https:\/\/duba.es\/es\/","name":"DUBA","description":"Especialistas en dise\u00f1o y decoraci\u00f3n, fabricaci\u00f3n, montaje y mantenimiento industrial","publisher":{"@id":"https:\/\/duba.es\/es\/#organization"},"potentialAction":[{"@type":"SearchAction","target":{"@type":"EntryPoint","urlTemplate":"https:\/\/duba.es\/es\/?s={search_term_string}"},"query-input":{"@type":"PropertyValueSpecification","valueRequired":true,"valueName":"search_term_string"}}],"inLanguage":"es"},{"@type":"Organization","@id":"https:\/\/duba.es\/es\/#organization","name":"Tallers DUBA SL","url":"https:\/\/duba.es\/es\/","logo":{"@type":"ImageObject","inLanguage":"es","@id":"https:\/\/duba.es\/es\/#\/schema\/logo\/image\/","url":"https:\/\/duba.es\/wp-content\/uploads\/Duba-Logo-2024-WEB.png","contentUrl":"https:\/\/duba.es\/wp-content\/uploads\/Duba-Logo-2024-WEB.png","width":568,"height":177,"caption":"Tallers DUBA SL"},"image":{"@id":"https:\/\/duba.es\/es\/#\/schema\/logo\/image\/"}}]}},"_links":{"self":[{"href":"https:\/\/duba.es\/es\/wp-json\/wp\/v2\/pages\/13","targetHints":{"allow":["GET"]}}],"collection":[{"href":"https:\/\/duba.es\/es\/wp-json\/wp\/v2\/pages"}],"about":[{"href":"https:\/\/duba.es\/es\/wp-json\/wp\/v2\/types\/page"}],"author":[{"embeddable":true,"href":"https:\/\/duba.es\/es\/wp-json\/wp\/v2\/users\/1"}],"replies":[{"embeddable":true,"href":"https:\/\/duba.es\/es\/wp-json\/wp\/v2\/comments?post=13"}],"version-history":[{"count":0,"href":"https:\/\/duba.es\/es\/wp-json\/wp\/v2\/pages\/13\/revisions"}],"wp:attachment":[{"href":"https:\/\/duba.es\/es\/wp-json\/wp\/v2\/media?parent=13"}],"curies":[{"name":"wp","href":"https:\/\/api.w.org\/{rel}","templated":true}]}}