{"id":87,"date":"2021-11-25T20:18:44","date_gmt":"2021-11-25T19:18:44","guid":{"rendered":"https:\/\/duba.es\/?page_id=87"},"modified":"2024-10-01T08:30:59","modified_gmt":"2024-10-01T06:30:59","slug":"politica-de-cookies","status":"publish","type":"page","link":"https:\/\/duba.es\/es\/politica-de-cookies\/","title":{"rendered":"Pol\u00edtica de cookies"},"content":{"rendered":"\t\t<div data-elementor-type=\"wp-page\" data-elementor-id=\"87\" class=\"elementor elementor-87\" data-elementor-post-type=\"page\">\n\t\t\t\t<div class=\"elementor-element elementor-element-11b6aac e-flex e-con-boxed e-con e-parent\" data-id=\"11b6aac\" data-element_type=\"container\" data-settings=\"{&quot;jet_parallax_layout_list&quot;:[{&quot;jet_parallax_layout_image&quot;:{&quot;url&quot;:&quot;&quot;,&quot;id&quot;:&quot;&quot;,&quot;size&quot;:&quot;&quot;},&quot;_id&quot;:&quot;762e3da&quot;,&quot;jet_parallax_layout_image_laptop&quot;:{&quot;url&quot;:&quot;&quot;,&quot;id&quot;:&quot;&quot;,&quot;size&quot;:&quot;&quot;},&quot;jet_parallax_layout_image_tablet&quot;:{&quot;url&quot;:&quot;&quot;,&quot;id&quot;:&quot;&quot;,&quot;size&quot;:&quot;&quot;},&quot;jet_parallax_layout_image_mobile&quot;:{&quot;url&quot;:&quot;&quot;,&quot;id&quot;:&quot;&quot;,&quot;size&quot;:&quot;&quot;},&quot;jet_parallax_layout_speed&quot;:{&quot;unit&quot;:&quot;%&quot;,&quot;size&quot;:50,&quot;sizes&quot;:[]},&quot;jet_parallax_layout_type&quot;:&quot;scroll&quot;,&quot;jet_parallax_layout_direction&quot;:null,&quot;jet_parallax_layout_fx_direction&quot;:null,&quot;jet_parallax_layout_z_index&quot;:&quot;&quot;,&quot;jet_parallax_layout_bg_x&quot;:50,&quot;jet_parallax_layout_bg_x_laptop&quot;:&quot;&quot;,&quot;jet_parallax_layout_bg_x_tablet&quot;:&quot;&quot;,&quot;jet_parallax_layout_bg_x_mobile&quot;:&quot;&quot;,&quot;jet_parallax_layout_bg_y&quot;:50,&quot;jet_parallax_layout_bg_y_laptop&quot;:&quot;&quot;,&quot;jet_parallax_layout_bg_y_tablet&quot;:&quot;&quot;,&quot;jet_parallax_layout_bg_y_mobile&quot;:&quot;&quot;,&quot;jet_parallax_layout_bg_size&quot;:&quot;auto&quot;,&quot;jet_parallax_layout_bg_size_laptop&quot;:&quot;&quot;,&quot;jet_parallax_layout_bg_size_tablet&quot;:&quot;&quot;,&quot;jet_parallax_layout_bg_size_mobile&quot;:&quot;&quot;,&quot;jet_parallax_layout_animation_prop&quot;:&quot;transform&quot;,&quot;jet_parallax_layout_on&quot;:[&quot;desktop&quot;,&quot;tablet&quot;]}]}\">\n\t\t\t\t\t<div class=\"e-con-inner\">\n\t\t\t\t<div class=\"elementor-element elementor-element-93c6e48 aviso_legal elementor-widget elementor-widget-text-editor\" data-id=\"93c6e48\" data-element_type=\"widget\" data-widget_type=\"text-editor.default\">\n\t\t\t\t<div class=\"elementor-widget-container\">\n\t\t\t\t\t\t\t\t\t<p>Este sitio web es propiedad, y est\u00e1 bajo responsabilidad de:<\/p>\n<ul>\n<li><strong> Nombre Fiscal:<\/strong> Tallers DUBA, S.L<\/li>\n<li><strong>Nombre Comercial:<\/strong> DUBA<\/li>\n<li><strong> CIF\/NIF:<\/strong> B61460143<\/li>\n<li><strong> Registro Mercantil:<\/strong> Barcelona<\/li>\n<li><strong> Datos Registrales:<\/strong> Registro x Tomo x Folio x Hoja x<\/li>\n<li><strong> Domicilio Fiscal:<\/strong> C\/Roques Blanques n\u00ba 8 Pol.Ind. Mol\u00ed de les Planes 08470 Sant Celoni<\/li>\n<li><strong> Tel\u00e9fono:<\/strong> 938 672 800<\/li>\n<li><strong> Email:<\/strong> <a href=\"mailto:info@duba.es\" target=\"_blank\" rel=\"noopener\">info@duba.es<\/a><\/li>\n<li><strong> Direcci\u00f3n web:<\/strong> <a href=\"https:\/\/www.duba.es\" target=\"_blank\" rel=\"noopener\">https:\/\/www.duba.es<\/a><\/li>\n<\/ul>\n<p>&nbsp;<\/p>\n<p>Aunque en adelante nos llamaremos DUBA o simplemente \u201cnosotros\u201d, y a usted, que es el usuario de esta web le llamaremos \u201cusuario\u201d, \u201custed\u201d o simplemente \u201ct\u00fa\u201d.<\/p>\n<p>A continuaci\u00f3n, le exponemos la <strong>pol\u00edtica de cookies<\/strong>:<\/p>\n<p>Le informamos que en este sitio web utilizamos cookies propias y de terceros con objeto de facilitar el uso y navegaci\u00f3n a trav\u00e9s de la web as\u00ed como elaborar nuestras estad\u00edsticas de uso de la web y otros prop\u00f3sitos aqu\u00ed descritos.<\/p>\n<h2>CONSENTIMIENTO<\/h2>\n<p>En este sitio web utilizamos cookies t\u00e9cnicas y anal\u00edticas propias y de terceros, para poder realizar estad\u00edsticas e informes sobre el uso de la web y an\u00e1lisis de navegaci\u00f3n, mejorando su experiencia de usuario tambi\u00e9n para mostrarte publicidad en base a tus h\u00e1bitos de navegaci\u00f3n. Al pulsar el bot\u00f3n \u201cAceptar Cookies\u201d en nuestra web nos indica que est\u00e1 consintiendo el uso de las cookies antes enunciadas, y en las condiciones contenidas en la presente Pol\u00edtica de Cookies.<\/p>\n<p>Este consentimiento se entiende al amparo del art\u00edculo 22.2 de la Ley 34\/2002 de Servicios de la Sociedad de la Informaci\u00f3n y el Comercio Electr\u00f3nico, entendiendo que si usted no consiente el uso que hacemos de las cookies puede, empleando entre otras, la informaci\u00f3n que proporcionamos en esta pol\u00edtica de cookies, configurar su navegador para no aceptar su uso.<\/p>\n<p>DUBA puede modificar esta Pol\u00edtica de Cookies en funci\u00f3n de exigencias reglamentarias, legislativas o con la finalidad de adaptar dicha pol\u00edtica a las instrucciones dictadas por la Agencia Espa\u00f1ola de Protecci\u00f3n de Datos. En el caso que se produzcan cambios significativos en esta Pol\u00edtica de Cookies, se comunicar\u00e1 debidamente a los usuarios.<\/p>\n<h3>\u00bfQu\u00e9 son las cookies?<\/h3>\n<p>Las cookies son peque\u00f1os ficheros de datos que se generan en el ordenador, Smartphone, tablet o cualquier otro dispositivo del usuario cuando se accede a una p\u00e1gina web y que permiten al titular de dicha p\u00e1gina almacenar o recuperar determinada informaci\u00f3n sobre la navegaci\u00f3n que se efect\u00faa desde dicho equipo.<\/p>\n<h3>Tipolog\u00eda de cookies<\/h3>\n<p>A continuaci\u00f3n, ofrecemos informaci\u00f3n sobre el tipo de cookies y la finalidad de las mismas:<\/p>\n<ol>\n<li><strong>Tipos de cookies seg\u00fan la entidad que las gestione<\/strong>\n<ul>\n<li>Seg\u00fan quien sea la entidad que gestione el equipo o dominio desde donde se env\u00edan las cookies y trate los datos que se obtengan, podemos distinguir:<\/li>\n<li><strong>Cookies propias:<\/strong> Son aqu\u00e9llas que se env\u00edan al equipo terminal del usuario desde o hacia nuestro propio servicio web.<\/li>\n<li><strong>Cookies de terceros:<\/strong> Son aqu\u00e9llas que se env\u00edan al equipo terminal del usuario desde un equipo o dominio que no es gestionado por DUBA sino por otra entidad que trata los datos obtenidos a trav\u00e9s de las cookies. Dado que son estos terceros quienes proceden a su implementaci\u00f3n, el bloqueo y desinstalaci\u00f3n de las mismas se rige por sus condiciones y mecanismos espec\u00edficos.<\/li>\n<\/ul>\n<\/li>\n<li><strong>Tipos de cookies seg\u00fan el plazo de tiempo que permanecen activadas en el equipo terminal <\/strong>\n<ul>\n<li><strong>Cookies de sesi\u00f3n:<\/strong> Son un tipo de cookies dise\u00f1adas para recabar y almacenar datos mientras el usuario accede a una p\u00e1gina web. Estas cookies se almacenan en su terminal hasta que finalice la sesi\u00f3n de navegaci\u00f3n del usuario.<\/li>\n<li><strong>Cookies persistentes:<\/strong> Son un tipo de cookies en el que los datos siguen almacenados en el terminal y pueden ser accedidos y tratados durante un periodo definido por el responsable de la cookie, y que puede ir de unos minutos a varios a\u00f1os.<\/li>\n<\/ul>\n<\/li>\n<li><span id=\"page32R_mcid9\"><span dir=\"ltr\" role=\"presentation\"><strong>Tipos de cookies seg\u00fan su finalidad<\/strong><\/span><\/span>\n<ul>\n<li><span dir=\"ltr\" role=\"presentation\"><strong>Cookies t\u00e9cnicas<\/strong><\/span><strong><span dir=\"ltr\" role=\"presentation\">:<\/span><\/strong><span dir=\"ltr\" role=\"presentation\"> Son aqu\u00e9llas que permiten al usuario la navegaci\u00f3n a trav\u00e9s de la p\u00e1gina web o la<\/span> <span dir=\"ltr\" role=\"presentation\">plataforma y la utilizaci\u00f3n de las diferentes opciones o servicios que en ella existan como, por ejemplo,<\/span> <span dir=\"ltr\" role=\"presentation\">controlar el tr\u00e1fico y la comunicaci\u00f3n de datos, identificar la sesi\u00f3n, acceder a partes de acceso<\/span> <span dir=\"ltr\" role=\"presentation\">restringido, utilizar elementos de seguridad durante la navegaci\u00f3n o almacenar contenidos para la<\/span> <span dir=\"ltr\" role=\"presentation\">difusi\u00f3n de videos o sonido o compartir contenidos a trav\u00e9s de redes sociales como Facebook o<\/span> <span dir=\"ltr\" role=\"presentation\">Youtube. Se trata de cookies de sesi\u00f3n y persistentes.<\/span><\/li>\n<li><span dir=\"ltr\" role=\"presentation\"><strong>Cookies de personalizaci\u00f3n<\/strong><\/span><strong><span dir=\"ltr\" role=\"presentation\">: <\/span><\/strong><span dir=\"ltr\" role=\"presentation\">Son aqu\u00e9llas que permiten al usuario acceder al servicio con algunas<\/span> <span dir=\"ltr\" role=\"presentation\">caracter\u00edsticas predefinidas en funci\u00f3n de una serie de criterios en el terminal del usuario como por<\/span> <span dir=\"ltr\" role=\"presentation\">ejemplo, el tipo de navegador a trav\u00e9s del cual accede al servicio, la configuraci\u00f3<\/span><span dir=\"ltr\" role=\"presentation\">n regional desde donde<\/span> <span dir=\"ltr\" role=\"presentation\">accede al servicio, etc.<\/span><\/li>\n<li><span dir=\"ltr\" role=\"presentation\"><strong>Cookies anal\u00edticas<\/strong><\/span><strong><span dir=\"ltr\" role=\"presentation\">:<\/span><\/strong><span dir=\"ltr\" role=\"presentation\"> Son aqu\u00e9llas que nos permiten cuantificar el n\u00famero de usuarios y as\u00ed realizar la<\/span> <span dir=\"ltr\" role=\"presentation\">medici\u00f3n y an\u00e1lisis estad\u00edstico de la utilizaci\u00f3n que hacen los usuarios de nuestra web. Para ello se<\/span> <span dir=\"ltr\" role=\"presentation\">analiza su navegaci\u00f3n en nuestra p\u00e1gina web con el fin de mejorarla.<\/span><\/li>\n<li><span dir=\"ltr\" role=\"presentation\"><strong>Cookies publicitarias<\/strong><\/span><strong><span dir=\"ltr\" role=\"presentation\">:<\/span><\/strong><span dir=\"ltr\" role=\"presentation\"> Son aqu\u00e9llas que permiten la gesti\u00f3n, de la forma m\u00e1s eficaz posible, de los<\/span> <span dir=\"ltr\" role=\"presentation\">espacios publicitarios que se pudieran incluir en nuestra p\u00e1gina web.<\/span><\/li>\n<li><span dir=\"ltr\" role=\"presentation\"><strong>Cookies de publicidad comportamental<\/strong><\/span><strong><span dir=\"ltr\" role=\"presentation\">:<\/span><\/strong><span dir=\"ltr\" role=\"presentation\"> Estas cookies almacenan informaci\u00f3n del comportamiento<\/span> <span dir=\"ltr\" role=\"presentation\">de los usuarios obtenida a trav\u00e9s de la observaci\u00f3n continuada. Gracias a ellas, podemos conocer los<\/span> <span dir=\"ltr\" role=\"presentation\">h\u00e1bitos de navegaci\u00f3n en internet y mostrarte publicidad relacionada con tu perfil de navegaci\u00f3n<\/span><\/li>\n<\/ul>\n<\/li>\n<\/ol>\n<h3>Cookies Presentes en nuestra web<\/h3>\n<div class=\"cky-audit-table-element\"><\/div>\n<h3>Gesti\u00f3n de cookies<\/h3>\n<p>Puedes permitir, bloquear o eliminar las cookies instaladas en tu equipo mediante la configuraci\u00f3n de las opciones de tu navegador de Internet. En caso de que no permitas la instalaci\u00f3n de cookies en tu navegador es posible que no puedas acceder a algunos de los servicios y que tu experiencia en nuestra web pueda resultar menos satisfactoria.<\/p>\n<p>En los siguientes enlaces, y exclusivamente de modo orientativo, tienes a tu disposici\u00f3n informaci\u00f3n para configurar o deshabilitar sus cookies en cada navegador:<\/p>\n<ul>\n<li><a href=\"https:\/\/support.google.com\/accounts\/answer\/61416?hl=es\" target=\"_blank\" rel=\"noopener\">Google Chrome<\/a><\/li>\n<li><a href=\"https:\/\/support.mozilla.org\/es\/kb\/habilitar-y-deshabilitar-cookies-que-los-sitios-we\" target=\"_blank\" rel=\"noopener\">Mozilla Firefox<\/a><\/li>\n<li><a href=\"http:\/\/windows.microsoft.com\/es-es\/windows-vista\/block-or-allow-cookies\" target=\"_blank\" rel=\"noopener\">Internet Explorer<\/a><\/li>\n<li><a href=\"https:\/\/privacy.microsoft.com\/es-es\/windows-10-microsoft-edge-and-privacy\" target=\"_blank\" rel=\"noopener\"> Microsoft Edge<\/a><\/li>\n<li><a href=\"http:\/\/support.apple.com\/kb\/PH17191?viewlocale=es_ES\" target=\"_blank\" rel=\"noopener\">Safari<\/a><\/li>\n<li><a href=\"http:\/\/support.apple.com\/kb\/HT1677?viewlocale=es_ES&amp;\" target=\"_blank\" rel=\"noopener\">Safari para IOS (iPhone y iPad)<\/a><\/li>\n<li><a href=\"https:\/\/support.google.com\/chrome\/answer\/2392971?hl=es\" target=\"_blank\" rel=\"noopener\">Chrome para Android<\/a><\/li>\n<\/ul>\n<p>&nbsp;<\/p>\n<p>Debe tener en cuenta que algunas de las cookies incluidas en las categor\u00edas de cookies descritas anteriormente las almacenan terceros en su equipo cuando el usuario utiliza nuestra web. No tenemos control alguno sobre estas cookies o el modo en que las utilizan los terceros. Se utilizan para permitir al tercero prestarnos un servicio, por ejemplo, de an\u00e1lisis.<\/p>\n<p>&nbsp;<\/p>\n\t\t\t\t\t\t\t\t<\/div>\n\t\t\t\t<\/div>\n\t\t\t\t\t<\/div>\n\t\t\t\t<\/div>\n\t\t\t\t<\/div>\n\t\t","protected":false},"excerpt":{"rendered":"","protected":false},"author":1,"featured_media":0,"parent":0,"menu_order":0,"comment_status":"closed","ping_status":"closed","template":"elementor_header_footer","meta":{"inline_featured_image":false,"footnotes":""},"class_list":["post-87","page","type-page","status-publish","hentry"],"yoast_head":"<!-- This site is optimized with the Yoast SEO Premium plugin v25.1 (Yoast SEO v27.0) - https:\/\/yoast.com\/product\/yoast-seo-premium-wordpress\/ -->\n<title>Pol\u00edtica de cookies - DUBA<\/title>\n<meta name=\"robots\" content=\"noindex, nofollow\" \/>\n<meta property=\"og:locale\" content=\"es_ES\" \/>\n<meta property=\"og:type\" content=\"article\" \/>\n<meta property=\"og:title\" content=\"Pol\u00edtica de cookies\" \/>\n<meta property=\"og:url\" content=\"https:\/\/duba.es\/es\/politica-de-cookies\/\" \/>\n<meta property=\"og:site_name\" content=\"DUBA\" \/>\n<meta property=\"article:modified_time\" content=\"2024-10-01T06:30:59+00:00\" \/>\n<meta name=\"twitter:card\" content=\"summary_large_image\" \/>\n<meta name=\"twitter:label1\" content=\"Tiempo de lectura\" \/>\n\t<meta name=\"twitter:data1\" content=\"5 minutos\" \/>\n<script type=\"application\/ld+json\" class=\"yoast-schema-graph\">{\"@context\":\"https:\/\/schema.org\",\"@graph\":[{\"@type\":\"WebPage\",\"@id\":\"https:\/\/duba.es\/es\/politica-de-cookies\/\",\"url\":\"https:\/\/duba.es\/es\/politica-de-cookies\/\",\"name\":\"Pol\u00edtica de cookies - DUBA\",\"isPartOf\":{\"@id\":\"https:\/\/duba.es\/es\/#website\"},\"datePublished\":\"2021-11-25T19:18:44+00:00\",\"dateModified\":\"2024-10-01T06:30:59+00:00\",\"breadcrumb\":{\"@id\":\"https:\/\/duba.es\/es\/politica-de-cookies\/#breadcrumb\"},\"inLanguage\":\"es\",\"potentialAction\":[{\"@type\":\"ReadAction\",\"target\":[\"https:\/\/duba.es\/es\/politica-de-cookies\/\"]}]},{\"@type\":\"BreadcrumbList\",\"@id\":\"https:\/\/duba.es\/es\/politica-de-cookies\/#breadcrumb\",\"itemListElement\":[{\"@type\":\"ListItem\",\"position\":1,\"name\":\"Portada\",\"item\":\"https:\/\/duba.es\/es\/\"},{\"@type\":\"ListItem\",\"position\":2,\"name\":\"Pol\u00edtica de cookies\"}]},{\"@type\":\"WebSite\",\"@id\":\"https:\/\/duba.es\/es\/#website\",\"url\":\"https:\/\/duba.es\/es\/\",\"name\":\"DUBA\",\"description\":\"Especialistas en dise\u00f1o y decoraci\u00f3n, fabricaci\u00f3n, montaje y mantenimiento industrial\",\"publisher\":{\"@id\":\"https:\/\/duba.es\/es\/#organization\"},\"potentialAction\":[{\"@type\":\"SearchAction\",\"target\":{\"@type\":\"EntryPoint\",\"urlTemplate\":\"https:\/\/duba.es\/es\/?s={search_term_string}\"},\"query-input\":{\"@type\":\"PropertyValueSpecification\",\"valueRequired\":true,\"valueName\":\"search_term_string\"}}],\"inLanguage\":\"es\"},{\"@type\":\"Organization\",\"@id\":\"https:\/\/duba.es\/es\/#organization\",\"name\":\"Tallers DUBA SL\",\"url\":\"https:\/\/duba.es\/es\/\",\"logo\":{\"@type\":\"ImageObject\",\"inLanguage\":\"es\",\"@id\":\"https:\/\/duba.es\/es\/#\/schema\/logo\/image\/\",\"url\":\"https:\/\/duba.es\/wp-content\/uploads\/Duba-Logo-2024-WEB.png\",\"contentUrl\":\"https:\/\/duba.es\/wp-content\/uploads\/Duba-Logo-2024-WEB.png\",\"width\":568,\"height\":177,\"caption\":\"Tallers DUBA SL\"},\"image\":{\"@id\":\"https:\/\/duba.es\/es\/#\/schema\/logo\/image\/\"}}]}<\/script>\n<!-- \/ Yoast SEO Premium plugin. -->","yoast_head_json":{"title":"Pol\u00edtica de cookies - DUBA","robots":{"index":"noindex","follow":"nofollow"},"og_locale":"es_ES","og_type":"article","og_title":"Pol\u00edtica de cookies","og_url":"https:\/\/duba.es\/es\/politica-de-cookies\/","og_site_name":"DUBA","article_modified_time":"2024-10-01T06:30:59+00:00","twitter_card":"summary_large_image","twitter_misc":{"Tiempo de lectura":"5 minutos"},"schema":{"@context":"https:\/\/schema.org","@graph":[{"@type":"WebPage","@id":"https:\/\/duba.es\/es\/politica-de-cookies\/","url":"https:\/\/duba.es\/es\/politica-de-cookies\/","name":"Pol\u00edtica de cookies - DUBA","isPartOf":{"@id":"https:\/\/duba.es\/es\/#website"},"datePublished":"2021-11-25T19:18:44+00:00","dateModified":"2024-10-01T06:30:59+00:00","breadcrumb":{"@id":"https:\/\/duba.es\/es\/politica-de-cookies\/#breadcrumb"},"inLanguage":"es","potentialAction":[{"@type":"ReadAction","target":["https:\/\/duba.es\/es\/politica-de-cookies\/"]}]},{"@type":"BreadcrumbList","@id":"https:\/\/duba.es\/es\/politica-de-cookies\/#breadcrumb","itemListElement":[{"@type":"ListItem","position":1,"name":"Portada","item":"https:\/\/duba.es\/es\/"},{"@type":"ListItem","position":2,"name":"Pol\u00edtica de cookies"}]},{"@type":"WebSite","@id":"https:\/\/duba.es\/es\/#website","url":"https:\/\/duba.es\/es\/","name":"DUBA","description":"Especialistas en dise\u00f1o y decoraci\u00f3n, fabricaci\u00f3n, montaje y mantenimiento industrial","publisher":{"@id":"https:\/\/duba.es\/es\/#organization"},"potentialAction":[{"@type":"SearchAction","target":{"@type":"EntryPoint","urlTemplate":"https:\/\/duba.es\/es\/?s={search_term_string}"},"query-input":{"@type":"PropertyValueSpecification","valueRequired":true,"valueName":"search_term_string"}}],"inLanguage":"es"},{"@type":"Organization","@id":"https:\/\/duba.es\/es\/#organization","name":"Tallers DUBA SL","url":"https:\/\/duba.es\/es\/","logo":{"@type":"ImageObject","inLanguage":"es","@id":"https:\/\/duba.es\/es\/#\/schema\/logo\/image\/","url":"https:\/\/duba.es\/wp-content\/uploads\/Duba-Logo-2024-WEB.png","contentUrl":"https:\/\/duba.es\/wp-content\/uploads\/Duba-Logo-2024-WEB.png","width":568,"height":177,"caption":"Tallers DUBA SL"},"image":{"@id":"https:\/\/duba.es\/es\/#\/schema\/logo\/image\/"}}]}},"_links":{"self":[{"href":"https:\/\/duba.es\/es\/wp-json\/wp\/v2\/pages\/87","targetHints":{"allow":["GET"]}}],"collection":[{"href":"https:\/\/duba.es\/es\/wp-json\/wp\/v2\/pages"}],"about":[{"href":"https:\/\/duba.es\/es\/wp-json\/wp\/v2\/types\/page"}],"author":[{"embeddable":true,"href":"https:\/\/duba.es\/es\/wp-json\/wp\/v2\/users\/1"}],"replies":[{"embeddable":true,"href":"https:\/\/duba.es\/es\/wp-json\/wp\/v2\/comments?post=87"}],"version-history":[{"count":0,"href":"https:\/\/duba.es\/es\/wp-json\/wp\/v2\/pages\/87\/revisions"}],"wp:attachment":[{"href":"https:\/\/duba.es\/es\/wp-json\/wp\/v2\/media?parent=87"}],"curies":[{"name":"wp","href":"https:\/\/api.w.org\/{rel}","templated":true}]}}